{"id":42189,"date":"2024-08-05T09:38:28","date_gmt":"2024-08-05T14:38:28","guid":{"rendered":"https:\/\/crmetals.5starvisibility.net\/politica-de-privacidad\/"},"modified":"2025-08-28T10:29:26","modified_gmt":"2025-08-28T15:29:26","slug":"politica-de-privacidad","status":"publish","type":"page","link":"https:\/\/crmetals.net\/es\/politica-de-privacidad\/","title":{"rendered":"Pol\u00edtica de privacidad"},"content":{"rendered":"\t\t<div data-elementor-type=\"wp-page\" data-elementor-id=\"42189\" class=\"elementor elementor-42189 elementor-3\" data-elementor-post-type=\"page\">\n\t\t\t\t<div class=\"elementor-element elementor-element-56385d6 e-flex e-con-boxed e-con e-parent\" data-id=\"56385d6\" data-element_type=\"container\" data-e-type=\"container\">\n\t\t\t\t\t<div class=\"e-con-inner\">\n\t\t\t\t<div class=\"elementor-element elementor-element-7c22b208 elementor-widget elementor-widget-text-editor\" data-id=\"7c22b208\" data-element_type=\"widget\" data-e-type=\"widget\" data-widget_type=\"text-editor.default\">\n\t\t\t\t<div class=\"elementor-widget-container\">\n\t\t\t\t\t\t\t\t\t<p>C &amp; R Metals se compromete a proteger tu privacidad. Esta Pol\u00edtica de Privacidad describe c\u00f3mo recogemos, utilizamos y protegemos tu informaci\u00f3n cuando visitas nuestro sitio web. <\/p><p><strong>Informaci\u00f3n que recopilamos<\/strong><br>Podemos recopilar informaci\u00f3n personal como tu nombre, direcci\u00f3n de correo electr\u00f3nico, n\u00famero de tel\u00e9fono y cualquier otra informaci\u00f3n que nos proporciones cuando te pongas en contacto con nosotros o rellenes un formulario en nuestro sitio web.<\/p><p><strong>C\u00f3mo utilizamos tu informaci\u00f3n<\/strong><br>Utilizamos la informaci\u00f3n que recogemos para:<\/p><p>&#8211; Responder a tus consultas y prestar atenci\u00f3n al cliente.<\/p><p>&#8211; Mejorar nuestro sitio web y nuestros servicios.<\/p><p>&#8211; Enviarte actualizaciones, promociones y otra informaci\u00f3n que pueda ser de tu inter\u00e9s.<\/p><p><strong>Compartir tu informaci\u00f3n<\/strong><br>No vendemos, intercambiamos ni transferimos de ninguna otra forma tu informaci\u00f3n personal a terceros, excepto en los casos que se describen a continuaci\u00f3n:<\/p><p>&#8211; A terceros de confianza que nos ayudan en el funcionamiento de nuestro sitio web, en la realizaci\u00f3n de nuestro negocio o en la prestaci\u00f3n de servicios, siempre que dichas partes acepten mantener la confidencialidad de esta informaci\u00f3n.<\/p><p>&#8211; Cuando creamos que su divulgaci\u00f3n es apropiada para cumplir la ley, hacer cumplir las pol\u00edticas de nuestro sitio o proteger nuestros derechos, propiedad o seguridad o los de otros.<\/p><p><strong>Cookies<\/strong><br>Nuestro sitio web puede utilizar cookies para mejorar tu experiencia. Las cookies son peque\u00f1os archivos que un sitio o su proveedor de servicios transfiere al disco duro de tu ordenador a trav\u00e9s de tu navegador web (si lo permites) y que permiten a los sistemas del sitio o del proveedor de servicios reconocer tu navegador y capturar y recordar cierta informaci\u00f3n. <\/p><p><strong>Seguridad<\/strong><br>Aplicamos diversas medidas de seguridad para mantener la seguridad de tu informaci\u00f3n personal. Sin embargo, ning\u00fan m\u00e9todo de transmisi\u00f3n por Internet o m\u00e9todo de almacenamiento electr\u00f3nico es 100% seguro. <\/p><p><strong>Enlaces de terceros<\/strong><br>Nuestro sitio web puede contener enlaces a sitios de terceros. No somos responsables de las pr\u00e1cticas de privacidad ni del contenido de estos sitios. Te recomendamos que leas las pol\u00edticas de privacidad de los sitios de terceros que visites.  <\/p><p><strong>Cambios en esta Pol\u00edtica<\/strong> de Privacidad<br>Podemos actualizar esta Pol\u00edtica de Privacidad de vez en cuando. Cualquier cambio se publicar\u00e1 en esta p\u00e1gina, y la fecha de la \u00faltima revisi\u00f3n se indicar\u00e1 en la parte superior de la pol\u00edtica. <\/p><p><strong>Ponte en contacto con nosotros<\/strong><br>Si tienes alguna pregunta sobre esta Pol\u00edtica de Privacidad, ponte en contacto con nosotros en:<\/p><p>C &amp; R Metales<\/p><p>2991 NW North River Dr.<\/p><p>Miami, Florida 33142<\/p><p>(305) 634-2111<\/p><p><a title=\"null\" href=\"mailto:sales@crmetals.net\" target=\"_blank\" rel=\"noopener\">sales@crmetals.net<\/a><\/p>\t\t\t\t\t\t\t\t<\/div>\n\t\t\t\t<\/div>\n\t\t\t\t\t<\/div>\n\t\t\t\t<\/div>\n\t\t\t\t<\/div>\n\t\t","protected":false},"excerpt":{"rendered":"<p>C &amp; R Metals se compromete a proteger tu privacidad. Esta Pol\u00edtica de Privacidad describe c\u00f3mo recogemos, utilizamos y protegemos tu informaci\u00f3n cuando visitas nuestro sitio web. Informaci\u00f3n que recopilamosPodemos recopilar informaci\u00f3n personal como tu nombre, direcci\u00f3n de correo electr\u00f3nico, n\u00famero de tel\u00e9fono y cualquier otra informaci\u00f3n que nos proporciones cuando te pongas en contacto [&hellip;]<\/p>\n","protected":false},"author":1,"featured_media":0,"parent":0,"menu_order":0,"comment_status":"closed","ping_status":"open","template":"","meta":{"_monsterinsights_skip_tracking":false,"_monsterinsights_sitenote_active":false,"_monsterinsights_sitenote_note":"","_monsterinsights_sitenote_category":0,"footnotes":""},"class_list":["post-42189","page","type-page","status-publish","hentry"],"aioseo_notices":[],"_links":{"self":[{"href":"https:\/\/crmetals.net\/es\/wp-json\/wp\/v2\/pages\/42189","targetHints":{"allow":["GET"]}}],"collection":[{"href":"https:\/\/crmetals.net\/es\/wp-json\/wp\/v2\/pages"}],"about":[{"href":"https:\/\/crmetals.net\/es\/wp-json\/wp\/v2\/types\/page"}],"author":[{"embeddable":true,"href":"https:\/\/crmetals.net\/es\/wp-json\/wp\/v2\/users\/1"}],"replies":[{"embeddable":true,"href":"https:\/\/crmetals.net\/es\/wp-json\/wp\/v2\/comments?post=42189"}],"version-history":[{"count":5,"href":"https:\/\/crmetals.net\/es\/wp-json\/wp\/v2\/pages\/42189\/revisions"}],"predecessor-version":[{"id":47039,"href":"https:\/\/crmetals.net\/es\/wp-json\/wp\/v2\/pages\/42189\/revisions\/47039"}],"wp:attachment":[{"href":"https:\/\/crmetals.net\/es\/wp-json\/wp\/v2\/media?parent=42189"}],"curies":[{"name":"wp","href":"https:\/\/api.w.org\/{rel}","templated":true}]}}