{"id":42142,"date":"2024-09-30T05:49:45","date_gmt":"2024-09-30T10:49:45","guid":{"rendered":"https:\/\/crmetals.5starvisibility.net\/sobre-nosotros\/condiciones-del-servicio\/"},"modified":"2024-10-08T08:15:55","modified_gmt":"2024-10-08T08:15:55","slug":"condiciones-del-servicio","status":"publish","type":"page","link":"https:\/\/crmetals.net\/es\/condiciones-del-servicio\/","title":{"rendered":"Condiciones del servicio"},"content":{"rendered":"\t\t<div data-elementor-type=\"wp-page\" data-elementor-id=\"42142\" class=\"elementor elementor-42142 elementor-41919\" data-elementor-post-type=\"page\">\n\t\t\t\t<div class=\"elementor-element elementor-element-5e8e188 e-flex e-con-boxed e-con e-parent\" data-id=\"5e8e188\" data-element_type=\"container\" data-e-type=\"container\">\n\t\t\t\t\t<div class=\"e-con-inner\">\n\t\t\t\t<div class=\"elementor-element elementor-element-410c932 elementor-widget elementor-widget-text-editor\" data-id=\"410c932\" data-element_type=\"widget\" data-e-type=\"widget\" data-widget_type=\"text-editor.default\">\n\t\t\t\t<div class=\"elementor-widget-container\">\n\t\t\t\t\t\t\t\t\t<p>Bienvenido a C &amp; R Metals.<br \/>\nAl acceder o utilizar nuestro sitio web, aceptas cumplir y quedar vinculado por los siguientes t\u00e9rminos y condiciones.<br \/>\nPor favor, rev\u00edsalas detenidamente.  <\/p>\n<p><strong>Aceptaci\u00f3n de las Condiciones<\/strong><br \/>Al utilizar nuestro sitio web, aceptas estas Condiciones del servicio. Si no est\u00e1s de acuerdo, no utilices nuestro sitio. <\/p>\n<p><strong>Cambios en las Condiciones<\/strong><br \/>Nos reservamos el derecho a modificar estas condiciones en cualquier momento. Cualquier cambio ser\u00e1 publicado en esta p\u00e1gina, y tu uso continuado del sitio implica la aceptaci\u00f3n de dichos cambios. <\/p>\n<p><strong>Uso del sitio web<\/strong><br \/>Te comprometes a utilizar nuestro sitio web \u00fanicamente con fines l\u00edcitos. No debes utilizar nuestro sitio de ninguna manera que infrinja cualquier ley o normativa local, nacional o internacional aplicable. <\/p>\n<p><strong>Propiedad intelectual<\/strong><br \/>Todo el contenido de este sitio web, incluidos textos, gr\u00e1ficos, logotipos e im\u00e1genes, es propiedad de C &amp; R Metals o de sus proveedores de contenidos y est\u00e1 protegido por las leyes de propiedad intelectual. No puedes reproducir, distribuir ni crear trabajos derivados de ning\u00fan contenido sin nuestro permiso expreso por escrito. <\/p>\n<p><strong>Limitaci\u00f3n de responsabilidad<\/strong><br \/>C &amp; R Metals no ser\u00e1 responsable de ning\u00fan da\u00f1o derivado del uso de este sitio web. Esto incluye da\u00f1os directos, indirectos, incidentales, punitivos y consecuentes. <\/p>\n<p><strong>Enlaces a sitios de terceros<\/strong><br \/>Nuestro sitio web puede contener enlaces a sitios web de terceros. No somos responsables del contenido ni de las pr\u00e1cticas de estos sitios. El acceso a sitios de terceros corre por tu cuenta y riesgo.  <\/p>\n<p><strong>Pol\u00edtica de privacidad<\/strong><br \/>Tu uso de nuestro sitio web tambi\u00e9n se rige por nuestra Pol\u00edtica de privacidad, que puedes consultar aqu\u00ed.<\/p>\n<p><strong>Ley aplicable<\/strong><br \/>Estas condiciones se rigen e interpretan de acuerdo con las leyes del Estado de Florida. Cualquier disputa que surja de estos t\u00e9rminos o de tu uso del sitio web estar\u00e1 sujeta a la jurisdicci\u00f3n exclusiva de los tribunales de Florida. <\/p>\n<p><strong>Ponte en contacto con nosotros<\/strong><br \/>Si tienes alguna pregunta sobre estas Condiciones del servicio, ponte en contacto con nosotros en:<\/p>\n<p>C &amp; R Metales<\/p>\n<p>2991 NW North River Dr.<\/p>\n<p>Miami, Florida 33142<\/p>\n<p>(305) 634-2111<\/p>\n<p><a title=\"null\" href=\"mailto:sales@crmetals.net\" target=\"_blank\" rel=\"noopener\">sales@crmetals.net<\/a><\/p>\n\t\t\t\t\t\t\t\t<\/div>\n\t\t\t\t<\/div>\n\t\t\t\t\t<\/div>\n\t\t\t\t<\/div>\n\t\t\t\t<\/div>\n\t\t","protected":false},"excerpt":{"rendered":"<p>Bienvenido a C &amp; R Metals. Al acceder o utilizar nuestro sitio web, aceptas cumplir y quedar vinculado por los siguientes t\u00e9rminos y condiciones. Por favor, rev\u00edsalas detenidamente. Aceptaci\u00f3n de las CondicionesAl utilizar nuestro sitio web, aceptas estas Condiciones del servicio. Si no est\u00e1s de acuerdo, no utilices nuestro sitio. Cambios en las CondicionesNos reservamos [&hellip;]<\/p>\n","protected":false},"author":1,"featured_media":0,"parent":0,"menu_order":0,"comment_status":"closed","ping_status":"closed","template":"","meta":{"_monsterinsights_skip_tracking":false,"_monsterinsights_sitenote_active":false,"_monsterinsights_sitenote_note":"","_monsterinsights_sitenote_category":0,"footnotes":""},"class_list":["post-42142","page","type-page","status-publish","hentry"],"aioseo_notices":[],"_links":{"self":[{"href":"https:\/\/crmetals.net\/es\/wp-json\/wp\/v2\/pages\/42142","targetHints":{"allow":["GET"]}}],"collection":[{"href":"https:\/\/crmetals.net\/es\/wp-json\/wp\/v2\/pages"}],"about":[{"href":"https:\/\/crmetals.net\/es\/wp-json\/wp\/v2\/types\/page"}],"author":[{"embeddable":true,"href":"https:\/\/crmetals.net\/es\/wp-json\/wp\/v2\/users\/1"}],"replies":[{"embeddable":true,"href":"https:\/\/crmetals.net\/es\/wp-json\/wp\/v2\/comments?post=42142"}],"version-history":[{"count":5,"href":"https:\/\/crmetals.net\/es\/wp-json\/wp\/v2\/pages\/42142\/revisions"}],"predecessor-version":[{"id":44138,"href":"https:\/\/crmetals.net\/es\/wp-json\/wp\/v2\/pages\/42142\/revisions\/44138"}],"wp:attachment":[{"href":"https:\/\/crmetals.net\/es\/wp-json\/wp\/v2\/media?parent=42142"}],"curies":[{"name":"wp","href":"https:\/\/api.w.org\/{rel}","templated":true}]}}