{"id":42127,"date":"2024-09-20T06:54:33","date_gmt":"2024-09-20T11:54:33","guid":{"rendered":"https:\/\/crmetals.5starvisibility.net\/galeria-de-proyectos\/"},"modified":"2025-06-02T04:41:49","modified_gmt":"2025-06-02T09:41:49","slug":"galeria-de-proyectos","status":"publish","type":"page","link":"https:\/\/crmetals.net\/es\/galeria-de-proyectos\/","title":{"rendered":"Galer\u00eda de proyectos"},"content":{"rendered":"\t\t<div data-elementor-type=\"wp-page\" data-elementor-id=\"42127\" class=\"elementor elementor-42127 elementor-40986\" data-elementor-post-type=\"page\">\n\t\t\t\t<div class=\"elementor-element elementor-element-4f40aea e-flex e-con-boxed e-con e-parent\" data-id=\"4f40aea\" data-element_type=\"container\" data-e-type=\"container\" data-settings=\"{&quot;background_background&quot;:&quot;classic&quot;}\">\n\t\t\t\t\t<div class=\"e-con-inner\">\n\t\t\t\t<div class=\"elementor-element elementor-element-fdfdc20 elementor-widget elementor-widget-heading\" data-id=\"fdfdc20\" data-element_type=\"widget\" data-e-type=\"widget\" data-widget_type=\"heading.default\">\n\t\t\t\t<div class=\"elementor-widget-container\">\n\t\t\t\t\t<h1 class=\"elementor-heading-title elementor-size-default\">Galer\u00eda de proyectos<\/h1>\t\t\t\t<\/div>\n\t\t\t\t<\/div>\n\t\t\t\t\t<\/div>\n\t\t\t\t<\/div>\n\t\t<div class=\"elementor-element elementor-element-3909a7c e-flex e-con-boxed e-con e-parent\" data-id=\"3909a7c\" data-element_type=\"container\" data-e-type=\"container\" data-settings=\"{&quot;background_background&quot;:&quot;classic&quot;}\">\n\t\t\t\t\t<div class=\"e-con-inner\">\n\t\t<div class=\"elementor-element elementor-element-577c9fd e-con-full e-flex e-con e-child\" data-id=\"577c9fd\" data-element_type=\"container\" data-e-type=\"container\">\n\t\t\t\t<div class=\"elementor-element elementor-element-b65c9fb elementor-widget-mobile__width-initial elementor-view-default elementor-widget elementor-widget-icon\" data-id=\"b65c9fb\" data-element_type=\"widget\" data-e-type=\"widget\" data-widget_type=\"icon.default\">\n\t\t\t\t<div class=\"elementor-widget-container\">\n\t\t\t\t\t\t\t<div class=\"elementor-icon-wrapper\">\n\t\t\t<div class=\"elementor-icon\">\n\t\t\t<svg aria-hidden=\"true\" class=\"e-font-icon-svg e-fas-map-marker-alt\" viewBox=\"0 0 384 512\" xmlns=\"http:\/\/www.w3.org\/2000\/svg\"><path d=\"M172.268 501.67C26.97 291.031 0 269.413 0 192 0 85.961 85.961 0 192 0s192 85.961 192 192c0 77.413-26.97 99.031-172.268 309.67-9.535 13.774-29.93 13.773-39.464 0zM192 272c44.183 0 80-35.817 80-80s-35.817-80-80-80-80 35.817-80 80 35.817 80 80 80z\"><\/path><\/svg>\t\t\t<\/div>\n\t\t<\/div>\n\t\t\t\t\t\t<\/div>\n\t\t\t\t<\/div>\n\t\t\t\t<div class=\"elementor-element elementor-element-e3ffae0 elementor-widget-mobile__width-initial elementor-widget elementor-widget-heading\" data-id=\"e3ffae0\" data-element_type=\"widget\" data-e-type=\"widget\" data-widget_type=\"heading.default\">\n\t\t\t\t<div class=\"elementor-widget-container\">\n\t\t\t\t\t<p class=\"elementor-heading-title elementor-size-default\">2991 NW North River Dr., Miami, FL, 33142  <\/p>\t\t\t\t<\/div>\n\t\t\t\t<\/div>\n\t\t\t\t<\/div>\n\t\t<div class=\"elementor-element elementor-element-a49db7e e-con-full e-flex e-con e-child\" data-id=\"a49db7e\" data-element_type=\"container\" data-e-type=\"container\">\n\t\t\t\t<div class=\"elementor-element elementor-element-ce50211 elementor-widget-mobile__width-initial elementor-widget elementor-widget-heading\" data-id=\"ce50211\" data-element_type=\"widget\" data-e-type=\"widget\" data-widget_type=\"heading.default\">\n\t\t\t\t<div class=\"elementor-widget-container\">\n\t\t\t\t\t<p class=\"elementor-heading-title elementor-size-default\">L-V 7:30AM - 4:30PM \/ S\u00e1b 8:00AM - 1:00PM \/ Dom - Cerrado<\/p>\t\t\t\t<\/div>\n\t\t\t\t<\/div>\n\t\t\t\t<div class=\"elementor-element elementor-element-eb6cb90 elementor-widget-mobile__width-initial elementor-view-default elementor-widget elementor-widget-icon\" data-id=\"eb6cb90\" data-element_type=\"widget\" data-e-type=\"widget\" data-widget_type=\"icon.default\">\n\t\t\t\t<div class=\"elementor-widget-container\">\n\t\t\t\t\t\t\t<div class=\"elementor-icon-wrapper\">\n\t\t\t<div class=\"elementor-icon\">\n\t\t\t<svg aria-hidden=\"true\" class=\"e-font-icon-svg e-fas-clock\" viewBox=\"0 0 512 512\" xmlns=\"http:\/\/www.w3.org\/2000\/svg\"><path d=\"M256,8C119,8,8,119,8,256S119,504,256,504,504,393,504,256,393,8,256,8Zm92.49,313h0l-20,25a16,16,0,0,1-22.49,2.5h0l-67-49.72a40,40,0,0,1-15-31.23V112a16,16,0,0,1,16-16h32a16,16,0,0,1,16,16V256l58,42.5A16,16,0,0,1,348.49,321Z\"><\/path><\/svg>\t\t\t<\/div>\n\t\t<\/div>\n\t\t\t\t\t\t<\/div>\n\t\t\t\t<\/div>\n\t\t\t\t<\/div>\n\t\t\t\t\t<\/div>\n\t\t\t\t<\/div>\n\t\t<div class=\"elementor-element elementor-element-2788fa8 e-flex e-con-boxed e-con e-parent\" data-id=\"2788fa8\" data-element_type=\"container\" data-e-type=\"container\">\n\t\t\t\t\t<div class=\"e-con-inner\">\n\t\t<div class=\"elementor-element elementor-element-50ef6d0 e-con-full e-flex e-con e-child\" data-id=\"50ef6d0\" data-element_type=\"container\" data-e-type=\"container\">\n\t\t\t\t<div class=\"elementor-element elementor-element-6cd6a83 elementor-widget elementor-widget-heading\" data-id=\"6cd6a83\" data-element_type=\"widget\" data-e-type=\"widget\" data-widget_type=\"heading.default\">\n\t\t\t\t<div class=\"elementor-widget-container\">\n\t\t\t\t\t<h2 class=\"elementor-heading-title elementor-size-default\">Mira nuestra galer\u00eda de proyectos en los que hemos participado a lo largo de los a\u00f1os<\/h2>\t\t\t\t<\/div>\n\t\t\t\t<\/div>\n\t\t\t\t<div class=\"elementor-element elementor-element-bcf4350 elementor-widget elementor-widget-text-editor\" data-id=\"bcf4350\" data-element_type=\"widget\" data-e-type=\"widget\" data-widget_type=\"text-editor.default\">\n\t\t\t\t<div class=\"elementor-widget-container\">\n\t\t\t\t\t\t\t\t\t<p>En C &amp; R Metals, hemos trabajado con orgullo en muchos proyectos estructurales, obras de arte y mucho m\u00e1s para nuestros clientes. Aqu\u00ed presentamos una colecci\u00f3n de nuestros mejores trabajos en diversos \u00e1mbitos. Desde la colaboraci\u00f3n con artistas visionarios hasta el apoyo a contratistas con s\u00f3lidas soluciones met\u00e1licas y la exhibici\u00f3n de la precisi\u00f3n de nuestros servicios de corte por chorro de agua y fabricaci\u00f3n integral, nuestras galer\u00edas ponen de relieve la amplitud y profundidad de nuestra experiencia. Sum\u00e9rgete para explorar los excepcionales proyectos que demuestran nuestro compromiso con la calidad, la innovaci\u00f3n y la artesan\u00eda.   <\/p>\t\t\t\t\t\t\t\t<\/div>\n\t\t\t\t<\/div>\n\t\t\t\t<\/div>\n\t\t<div class=\"elementor-element elementor-element-06309ba e-con-full e-flex e-con e-child\" data-id=\"06309ba\" data-element_type=\"container\" data-e-type=\"container\">\n\t\t\t\t<div class=\"elementor-element elementor-element-646093b elementor-widget elementor-widget-image\" data-id=\"646093b\" data-element_type=\"widget\" data-e-type=\"widget\" data-widget_type=\"image.default\">\n\t\t\t\t<div class=\"elementor-widget-container\">\n\t\t\t\t\t\t\t\t\t\t\t\t\t\t\t<img fetchpriority=\"high\" width=\"526\" height=\"310\" src=\"https:\/\/crmetals.net\/wp-content\/uploads\/2024\/09\/image-47.png\" class=\"attachment-medium_large size-medium_large wp-image-41015\" alt=\"\" srcset=\"https:\/\/crmetals.net\/wp-content\/uploads\/2024\/09\/image-47.png 526w, https:\/\/crmetals.net\/wp-content\/uploads\/2024\/09\/image-47-300x177.png 300w\" sizes=\"(max-width: 526px) 100vw, 526px\" \/>\t\t\t\t\t\t\t\t\t\t\t\t\t\t\t<\/div>\n\t\t\t\t<\/div>\n\t\t\t\t<\/div>\n\t\t\t\t\t<\/div>\n\t\t\t\t<\/div>\n\t\t<div class=\"elementor-element elementor-element-009aaa2 e-flex e-con-boxed e-con e-parent\" data-id=\"009aaa2\" data-element_type=\"container\" data-e-type=\"container\">\n\t\t\t\t\t<div class=\"e-con-inner\">\n\t\t<div class=\"elementor-element elementor-element-5290d16 e-con-full e-flex e-con e-child\" data-id=\"5290d16\" data-element_type=\"container\" data-e-type=\"container\">\n\t\t<a class=\"elementor-element elementor-element-b46d7dc e-con-full e-flex e-con e-child\" data-id=\"b46d7dc\" data-element_type=\"container\" data-e-type=\"container\" data-settings=\"{&quot;background_background&quot;:&quot;classic&quot;}\" href=\"https:\/\/crmetals.net\/es\/galeria-de-proyectos\/galeria-de-artistas\/\">\n\t\t\t\t<\/a>\n\t\t\t\t<div class=\"elementor-element elementor-element-7474372 cat-head elementor-widget elementor-widget-heading\" data-id=\"7474372\" data-element_type=\"widget\" data-e-type=\"widget\" data-widget_type=\"heading.default\">\n\t\t\t\t<div class=\"elementor-widget-container\">\n\t\t\t\t\t<h5 class=\"elementor-heading-title elementor-size-default\"><a href=\"https:\/\/crmetals.net\/es\/galeria-de-proyectos\/galeria-de-artistas\/\">Galer\u00eda de Artistas<\/a><\/h5>\t\t\t\t<\/div>\n\t\t\t\t<\/div>\n\t\t\t\t<div class=\"elementor-element elementor-element-62f6d54 elementor-widget elementor-widget-text-editor\" data-id=\"62f6d54\" data-element_type=\"widget\" data-e-type=\"widget\" data-widget_type=\"text-editor.default\">\n\t\t\t\t<div class=\"elementor-widget-container\">\n\t\t\t\t\t\t\t\t\t<p>Bienvenido a nuestra Galer\u00eda de Artistas, donde la creatividad se une a la artesan\u00eda. En C &amp; R Metals, nos enorgullece colaborar con artistas de talento para dar vida a sus visiones. Desde intrincadas esculturas hasta instalaciones a gran escala, nuestros trabajos en metal han ayudado a los artistas a conseguir resultados asombrosos. Explora la galer\u00eda para ver una amplia gama de obras de arte.   <\/p>\t\t\t\t\t\t\t\t<\/div>\n\t\t\t\t<\/div>\n\t\t\t\t<div class=\"elementor-element elementor-element-4ae9eab elementor-widget-mobile__width-initial elementor-mobile-align-justify elementor-align-justify elementor-widget__width-inherit elementor-widget elementor-widget-button\" data-id=\"4ae9eab\" data-element_type=\"widget\" data-e-type=\"widget\" data-widget_type=\"button.default\">\n\t\t\t\t<div class=\"elementor-widget-container\">\n\t\t\t\t\t\t\t\t\t<div class=\"elementor-button-wrapper\">\n\t\t\t\t\t<a class=\"elementor-button elementor-button-link elementor-size-sm\" href=\"https:\/\/crmetals.net\/es\/galeria-de-proyectos\/galeria-de-artistas\/\">\n\t\t\t\t\t\t<span class=\"elementor-button-content-wrapper\">\n\t\t\t\t\t\t\t\t\t<span class=\"elementor-button-text\">Ver nuestra galer\u00eda de artistas<\/span>\n\t\t\t\t\t<\/span>\n\t\t\t\t\t<\/a>\n\t\t\t\t<\/div>\n\t\t\t\t\t\t\t\t<\/div>\n\t\t\t\t<\/div>\n\t\t\t\t<\/div>\n\t\t<div class=\"elementor-element elementor-element-6963928 e-con-full e-flex e-con e-child\" data-id=\"6963928\" data-element_type=\"container\" data-e-type=\"container\">\n\t\t<a class=\"elementor-element elementor-element-20ee180 e-con-full e-flex e-con e-child\" data-id=\"20ee180\" data-element_type=\"container\" data-e-type=\"container\" data-settings=\"{&quot;background_background&quot;:&quot;classic&quot;}\" href=\"https:\/\/crmetals.net\/es\/galeria-de-proyectos\/galeria-del-contratista\/\">\n\t\t\t\t<\/a>\n\t\t\t\t<div class=\"elementor-element elementor-element-f783b77 cat-head elementor-widget elementor-widget-heading\" data-id=\"f783b77\" data-element_type=\"widget\" data-e-type=\"widget\" data-widget_type=\"heading.default\">\n\t\t\t\t<div class=\"elementor-widget-container\">\n\t\t\t\t\t<h5 class=\"elementor-heading-title elementor-size-default\"><a href=\"https:\/\/crmetals.net\/es\/galeria-de-proyectos\/galeria-del-contratista\/\">Galer\u00eda del Contratista<\/a><\/h5>\t\t\t\t<\/div>\n\t\t\t\t<\/div>\n\t\t\t\t<div class=\"elementor-element elementor-element-882ae6b elementor-widget elementor-widget-text-editor\" data-id=\"882ae6b\" data-element_type=\"widget\" data-e-type=\"widget\" data-widget_type=\"text-editor.default\">\n\t\t\t\t<div class=\"elementor-widget-container\">\n\t\t\t\t\t\t\t\t\t<p>Nuestra Galer\u00eda del Contratista muestra las robustas y fiables soluciones de metalister\u00eda que hemos proporcionado para diversos proyectos de construcci\u00f3n. Ya se trate de acero estructural para edificios, componentes met\u00e1licos a medida para infraestructuras o carpinter\u00eda met\u00e1lica especializada para dise\u00f1os arquitect\u00f3nicos \u00fanicos, C &amp; R Metals ha sido un socio de confianza para los contratistas. <\/p>\t\t\t\t\t\t\t\t<\/div>\n\t\t\t\t<\/div>\n\t\t\t\t<div class=\"elementor-element elementor-element-3760449 elementor-widget-mobile__width-initial elementor-mobile-align-justify elementor-align-justify elementor-widget__width-inherit elementor-widget elementor-widget-button\" data-id=\"3760449\" data-element_type=\"widget\" data-e-type=\"widget\" data-widget_type=\"button.default\">\n\t\t\t\t<div class=\"elementor-widget-container\">\n\t\t\t\t\t\t\t\t\t<div class=\"elementor-button-wrapper\">\n\t\t\t\t\t<a class=\"elementor-button elementor-button-link elementor-size-sm\" href=\"https:\/\/crmetals.net\/es\/galeria-de-proyectos\/galeria-del-contratista\/\">\n\t\t\t\t\t\t<span class=\"elementor-button-content-wrapper\">\n\t\t\t\t\t\t\t\t\t<span class=\"elementor-button-text\">Ver nuestra galer\u00eda de contratistas<\/span>\n\t\t\t\t\t<\/span>\n\t\t\t\t\t<\/a>\n\t\t\t\t<\/div>\n\t\t\t\t\t\t\t\t<\/div>\n\t\t\t\t<\/div>\n\t\t\t\t<\/div>\n\t\t<div class=\"elementor-element elementor-element-b7a41c1 e-con-full e-flex e-con e-child\" data-id=\"b7a41c1\" data-element_type=\"container\" data-e-type=\"container\">\n\t\t<a class=\"elementor-element elementor-element-4abf239 e-con-full e-flex e-con e-child\" data-id=\"4abf239\" data-element_type=\"container\" data-e-type=\"container\" data-settings=\"{&quot;background_background&quot;:&quot;classic&quot;}\" href=\"https:\/\/crmetals.net\/es\/galeria-de-proyectos\/galeria-de-chorro-de-agua\/\">\n\t\t\t\t<\/a>\n\t\t\t\t<div class=\"elementor-element elementor-element-6b45b92 cat-head elementor-widget elementor-widget-heading\" data-id=\"6b45b92\" data-element_type=\"widget\" data-e-type=\"widget\" data-widget_type=\"heading.default\">\n\t\t\t\t<div class=\"elementor-widget-container\">\n\t\t\t\t\t<h5 class=\"elementor-heading-title elementor-size-default\"><a href=\"https:\/\/crmetals.net\/es\/galeria-de-proyectos\/galeria-de-chorro-de-agua\/\">Galer\u00eda de chorro de agua<\/a><\/h5>\t\t\t\t<\/div>\n\t\t\t\t<\/div>\n\t\t\t\t<div class=\"elementor-element elementor-element-d1c4a9e elementor-widget elementor-widget-text-editor\" data-id=\"d1c4a9e\" data-element_type=\"widget\" data-e-type=\"widget\" data-widget_type=\"text-editor.default\">\n\t\t\t\t<div class=\"elementor-widget-container\">\n\t\t\t\t\t\t\t\t\t<p>Precisi\u00f3n y versatilidad definen nuestra Galer\u00eda de Chorro de Agua. Utilizando la tecnolog\u00eda de corte por chorro de agua m\u00e1s avanzada, hemos creado dise\u00f1os intrincados y cortes precisos para una gran variedad de aplicaciones. Desde se\u00f1alizaci\u00f3n personalizada y paneles decorativos hasta piezas mec\u00e1nicas complejas, nuestros servicios de chorro de agua ofrecen una calidad y precisi\u00f3n excepcionales.  <\/p>\t\t\t\t\t\t\t\t<\/div>\n\t\t\t\t<\/div>\n\t\t\t\t<div class=\"elementor-element elementor-element-3ed8ed0 elementor-widget-mobile__width-initial elementor-mobile-align-justify elementor-align-justify elementor-widget__width-inherit elementor-widget elementor-widget-button\" data-id=\"3ed8ed0\" data-element_type=\"widget\" data-e-type=\"widget\" data-widget_type=\"button.default\">\n\t\t\t\t<div class=\"elementor-widget-container\">\n\t\t\t\t\t\t\t\t\t<div class=\"elementor-button-wrapper\">\n\t\t\t\t\t<a class=\"elementor-button elementor-button-link elementor-size-sm\" href=\"https:\/\/crmetals.net\/es\/galeria-de-proyectos\/galeria-de-chorro-de-agua\/\">\n\t\t\t\t\t\t<span class=\"elementor-button-content-wrapper\">\n\t\t\t\t\t\t\t\t\t<span class=\"elementor-button-text\">Ver nuestra galer\u00eda de chorro de agua<\/span>\n\t\t\t\t\t<\/span>\n\t\t\t\t\t<\/a>\n\t\t\t\t<\/div>\n\t\t\t\t\t\t\t\t<\/div>\n\t\t\t\t<\/div>\n\t\t\t\t<\/div>\n\t\t<div class=\"elementor-element elementor-element-20b5379 e-con-full e-flex e-con e-child\" data-id=\"20b5379\" data-element_type=\"container\" data-e-type=\"container\">\n\t\t<a class=\"elementor-element elementor-element-b49a7d5 e-con-full e-flex e-con e-child\" data-id=\"b49a7d5\" data-element_type=\"container\" data-e-type=\"container\" data-settings=\"{&quot;background_background&quot;:&quot;classic&quot;}\" href=\"https:\/\/crmetals.net\/es\/galeria-de-proyectos\/galeria-de-fabricacion\/\">\n\t\t\t\t<\/a>\n\t\t\t\t<div class=\"elementor-element elementor-element-3f765f5 cat-head elementor-widget elementor-widget-heading\" data-id=\"3f765f5\" data-element_type=\"widget\" data-e-type=\"widget\" data-widget_type=\"heading.default\">\n\t\t\t\t<div class=\"elementor-widget-container\">\n\t\t\t\t\t<h5 class=\"elementor-heading-title elementor-size-default\"><a href=\"https:\/\/crmetals.net\/es\/galeria-de-proyectos\/galeria-de-fabricacion\/\">Galer\u00eda de fabricaci\u00f3n<\/a><\/h5>\t\t\t\t<\/div>\n\t\t\t\t<\/div>\n\t\t\t\t<div class=\"elementor-element elementor-element-789e65e elementor-widget elementor-widget-text-editor\" data-id=\"789e65e\" data-element_type=\"widget\" data-e-type=\"widget\" data-widget_type=\"text-editor.default\">\n\t\t\t\t<div class=\"elementor-widget-container\">\n\t\t\t\t\t\t\t\t\t<p>En nuestra Galer\u00eda de Fabricaci\u00f3n, encontrar\u00e1s un escaparate de nuestros completos servicios de fabricaci\u00f3n met\u00e1lica. Desde el concepto hasta el acabado, nos ocupamos de todos los aspectos de la fabricaci\u00f3n met\u00e1lica, incluidos el corte, el plegado, la soldadura y el acabado. Nuestros proyectos abarcan desde muebles y accesorios met\u00e1licos personalizados hasta fabricaciones industriales a gran escala.  <\/p>\t\t\t\t\t\t\t\t<\/div>\n\t\t\t\t<\/div>\n\t\t\t\t<div class=\"elementor-element elementor-element-26761ec elementor-widget-mobile__width-initial elementor-mobile-align-justify elementor-align-justify elementor-widget__width-inherit elementor-widget elementor-widget-button\" data-id=\"26761ec\" data-element_type=\"widget\" data-e-type=\"widget\" data-widget_type=\"button.default\">\n\t\t\t\t<div class=\"elementor-widget-container\">\n\t\t\t\t\t\t\t\t\t<div class=\"elementor-button-wrapper\">\n\t\t\t\t\t<a class=\"elementor-button elementor-button-link elementor-size-sm\" href=\"https:\/\/crmetals.net\/es\/galeria-de-proyectos\/galeria-de-fabricacion\/\">\n\t\t\t\t\t\t<span class=\"elementor-button-content-wrapper\">\n\t\t\t\t\t\t\t\t\t<span class=\"elementor-button-text\">Ver nuestra galer\u00eda de fabricaci\u00f3n<\/span>\n\t\t\t\t\t<\/span>\n\t\t\t\t\t<\/a>\n\t\t\t\t<\/div>\n\t\t\t\t\t\t\t\t<\/div>\n\t\t\t\t<\/div>\n\t\t\t\t<\/div>\n\t\t\t\t\t<\/div>\n\t\t\t\t<\/div>\n\t\t<div class=\"elementor-element elementor-element-1ecd3bb1 e-con-full e-flex e-con e-parent\" data-id=\"1ecd3bb1\" data-element_type=\"container\" data-e-type=\"container\">\n\t\t<div class=\"elementor-element elementor-element-330f40f7 e-flex e-con-boxed e-con e-child\" data-id=\"330f40f7\" data-element_type=\"container\" data-e-type=\"container\" data-settings=\"{&quot;background_background&quot;:&quot;classic&quot;}\">\n\t\t\t\t\t<div class=\"e-con-inner\">\n\t\t<div class=\"elementor-element elementor-element-1101a71b e-flex e-con-boxed e-con e-child\" data-id=\"1101a71b\" data-element_type=\"container\" data-e-type=\"container\" data-settings=\"{&quot;background_background&quot;:&quot;classic&quot;}\">\n\t\t\t\t\t<div class=\"e-con-inner\">\n\t\t<div class=\"elementor-element elementor-element-c57870c e-con-full e-flex e-con e-child\" data-id=\"c57870c\" data-element_type=\"container\" data-e-type=\"container\">\n\t\t\t\t<div class=\"elementor-element elementor-element-56862b8a elementor-widget elementor-widget-image\" data-id=\"56862b8a\" data-element_type=\"widget\" data-e-type=\"widget\" data-widget_type=\"image.default\">\n\t\t\t\t<div class=\"elementor-widget-container\">\n\t\t\t\t\t\t\t\t\t\t\t\t\t\t\t<img width=\"530\" height=\"350\" src=\"https:\/\/crmetals.net\/wp-content\/uploads\/2025\/04\/contactus-new-animation.gif\" class=\"attachment-large size-large wp-image-46142\" alt=\"\" \/>\t\t\t\t\t\t\t\t\t\t\t\t\t\t\t<\/div>\n\t\t\t\t<\/div>\n\t\t\t\t<\/div>\n\t\t<div class=\"elementor-element elementor-element-58e58cdb e-con-full e-flex e-con e-child\" data-id=\"58e58cdb\" data-element_type=\"container\" data-e-type=\"container\">\n\t\t\t\t<div class=\"elementor-element elementor-element-2e784b6b elementor-widget elementor-widget-heading\" data-id=\"2e784b6b\" data-element_type=\"widget\" data-e-type=\"widget\" data-widget_type=\"heading.default\">\n\t\t\t\t<div class=\"elementor-widget-container\">\n\t\t\t\t\t<h4 class=\"elementor-heading-title elementor-size-default\">Llama o P\u00e1sate Hoy<\/h4>\t\t\t\t<\/div>\n\t\t\t\t<\/div>\n\t\t\t\t<div class=\"elementor-element elementor-element-604094c2 elementor-widget__width-initial elementor-widget elementor-widget-text-editor\" data-id=\"604094c2\" data-element_type=\"widget\" data-e-type=\"widget\" data-widget_type=\"text-editor.default\">\n\t\t\t\t<div class=\"elementor-widget-container\">\n\t\t\t\t\t\t\t\t\t<p>\u00bfEst\u00e1s listo para empezar tu pr\u00f3ximo proyecto o simplemente necesitas piezas met\u00e1licas de calidad almacenadas localmente que puedan cortarse por encargo o entregarse en la cantidad exacta que necesites? Ponte en contacto con C &amp; R Metals hoy mismo para hablar de tus necesidades metal\u00fargicas y descubrir c\u00f3mo nuestra experiencia puede hacer realidad tu visi\u00f3n.  Nuestro equipo de profesionales est\u00e1 aqu\u00ed para proporcionarte productos y servicios de la m\u00e1xima calidad, garantizando tu plena satisfacci\u00f3n.<\/p>\t\t\t\t\t\t\t\t<\/div>\n\t\t\t\t<\/div>\n\t\t\t\t<div class=\"elementor-element elementor-element-f8e018c elementor-widget-mobile__width-initial elementor-mobile-align-justify elementor-widget elementor-widget-button\" data-id=\"f8e018c\" data-element_type=\"widget\" data-e-type=\"widget\" data-widget_type=\"button.default\">\n\t\t\t\t<div class=\"elementor-widget-container\">\n\t\t\t\t\t\t\t\t\t<div class=\"elementor-button-wrapper\">\n\t\t\t\t\t<a class=\"elementor-button elementor-button-link elementor-size-sm\" href=\"https:\/\/crmetals.net\/es\/sobre-nosotros\/contacta-con-nosotros\/\">\n\t\t\t\t\t\t<span class=\"elementor-button-content-wrapper\">\n\t\t\t\t\t\t\t\t\t<span class=\"elementor-button-text\">Contacta con nosotros<\/span>\n\t\t\t\t\t<\/span>\n\t\t\t\t\t<\/a>\n\t\t\t\t<\/div>\n\t\t\t\t\t\t\t\t<\/div>\n\t\t\t\t<\/div>\n\t\t\t\t<\/div>\n\t\t\t\t\t<\/div>\n\t\t\t\t<\/div>\n\t\t\t\t\t<\/div>\n\t\t\t\t<\/div>\n\t\t\t\t<\/div>\n\t\t\t\t<\/div>\n\t\t","protected":false},"excerpt":{"rendered":"<p>Galer\u00eda de proyectos 2991 NW North River Dr., Miami, FL, 33142 L-V 7:30AM &#8211; 4:30PM \/ S\u00e1b 8:00AM &#8211; 1:00PM \/ Dom &#8211; Cerrado Mira nuestra galer\u00eda de proyectos en los que hemos participado a lo largo de los a\u00f1os En C &amp; R Metals, hemos trabajado con orgullo en muchos proyectos estructurales, obras de [&hellip;]<\/p>\n","protected":false},"author":1,"featured_media":0,"parent":0,"menu_order":0,"comment_status":"closed","ping_status":"closed","template":"","meta":{"_monsterinsights_skip_tracking":false,"_monsterinsights_sitenote_active":false,"_monsterinsights_sitenote_note":"","_monsterinsights_sitenote_category":0,"footnotes":""},"class_list":["post-42127","page","type-page","status-publish","hentry"],"aioseo_notices":[],"_links":{"self":[{"href":"https:\/\/crmetals.net\/es\/wp-json\/wp\/v2\/pages\/42127","targetHints":{"allow":["GET"]}}],"collection":[{"href":"https:\/\/crmetals.net\/es\/wp-json\/wp\/v2\/pages"}],"about":[{"href":"https:\/\/crmetals.net\/es\/wp-json\/wp\/v2\/types\/page"}],"author":[{"embeddable":true,"href":"https:\/\/crmetals.net\/es\/wp-json\/wp\/v2\/users\/1"}],"replies":[{"embeddable":true,"href":"https:\/\/crmetals.net\/es\/wp-json\/wp\/v2\/comments?post=42127"}],"version-history":[{"count":5,"href":"https:\/\/crmetals.net\/es\/wp-json\/wp\/v2\/pages\/42127\/revisions"}],"predecessor-version":[{"id":46733,"href":"https:\/\/crmetals.net\/es\/wp-json\/wp\/v2\/pages\/42127\/revisions\/46733"}],"wp:attachment":[{"href":"https:\/\/crmetals.net\/es\/wp-json\/wp\/v2\/media?parent=42127"}],"curies":[{"name":"wp","href":"https:\/\/api.w.org\/{rel}","templated":true}]}}