{"id":40855,"date":"2024-09-12T11:47:46","date_gmt":"2024-09-12T16:47:46","guid":{"rendered":"https:\/\/crmetals.5starvisibility.net\/localizaciones\/"},"modified":"2026-03-18T06:21:25","modified_gmt":"2026-03-18T11:21:25","slug":"localizaciones","status":"publish","type":"page","link":"https:\/\/crmetals.net\/es\/localizaciones\/","title":{"rendered":"Localizaciones"},"content":{"rendered":"\t\t<div data-elementor-type=\"wp-page\" data-elementor-id=\"40855\" class=\"elementor elementor-40855 elementor-40644\" data-elementor-post-type=\"page\">\n\t\t\t\t<div class=\"elementor-element elementor-element-c521462 e-flex e-con-boxed e-con e-parent\" data-id=\"c521462\" data-element_type=\"container\" data-e-type=\"container\" data-settings=\"{&quot;background_background&quot;:&quot;classic&quot;}\">\n\t\t\t\t\t<div class=\"e-con-inner\">\n\t\t\t\t<div class=\"elementor-element elementor-element-a92a7a9 elementor-widget elementor-widget-heading\" data-id=\"a92a7a9\" data-element_type=\"widget\" data-e-type=\"widget\" data-widget_type=\"heading.default\">\n\t\t\t\t<div class=\"elementor-widget-container\">\n\t\t\t\t\t<h1 class=\"elementor-heading-title elementor-size-default\">Localizaciones<\/h1>\t\t\t\t<\/div>\n\t\t\t\t<\/div>\n\t\t\t\t\t<\/div>\n\t\t\t\t<\/div>\n\t\t<div class=\"elementor-element elementor-element-b06689c e-flex e-con-boxed e-con e-parent\" data-id=\"b06689c\" data-element_type=\"container\" data-e-type=\"container\" data-settings=\"{&quot;background_background&quot;:&quot;classic&quot;}\">\n\t\t\t\t\t<div class=\"e-con-inner\">\n\t\t<div class=\"elementor-element elementor-element-c0142cc e-con-full e-flex e-con e-child\" data-id=\"c0142cc\" data-element_type=\"container\" data-e-type=\"container\">\n\t\t\t\t<div class=\"elementor-element elementor-element-5b7c9e5 elementor-widget-mobile__width-initial elementor-view-default elementor-widget elementor-widget-icon\" data-id=\"5b7c9e5\" data-element_type=\"widget\" data-e-type=\"widget\" data-widget_type=\"icon.default\">\n\t\t\t\t<div class=\"elementor-widget-container\">\n\t\t\t\t\t\t\t<div class=\"elementor-icon-wrapper\">\n\t\t\t<div class=\"elementor-icon\">\n\t\t\t<svg aria-hidden=\"true\" class=\"e-font-icon-svg e-fas-map-marker-alt\" viewBox=\"0 0 384 512\" xmlns=\"http:\/\/www.w3.org\/2000\/svg\"><path d=\"M172.268 501.67C26.97 291.031 0 269.413 0 192 0 85.961 85.961 0 192 0s192 85.961 192 192c0 77.413-26.97 99.031-172.268 309.67-9.535 13.774-29.93 13.773-39.464 0zM192 272c44.183 0 80-35.817 80-80s-35.817-80-80-80-80 35.817-80 80 35.817 80 80 80z\"><\/path><\/svg>\t\t\t<\/div>\n\t\t<\/div>\n\t\t\t\t\t\t<\/div>\n\t\t\t\t<\/div>\n\t\t\t\t<div class=\"elementor-element elementor-element-c1da58b elementor-widget-mobile__width-initial elementor-widget elementor-widget-heading\" data-id=\"c1da58b\" data-element_type=\"widget\" data-e-type=\"widget\" data-widget_type=\"heading.default\">\n\t\t\t\t<div class=\"elementor-widget-container\">\n\t\t\t\t\t<p class=\"elementor-heading-title elementor-size-default\">2991 NW North River Dr., Miami, FL, 33142  <\/p>\t\t\t\t<\/div>\n\t\t\t\t<\/div>\n\t\t\t\t<\/div>\n\t\t<div class=\"elementor-element elementor-element-b63d845 e-con-full e-flex e-con e-child\" data-id=\"b63d845\" data-element_type=\"container\" data-e-type=\"container\">\n\t\t\t\t<div class=\"elementor-element elementor-element-c627f36 elementor-widget-mobile__width-initial elementor-widget elementor-widget-heading\" data-id=\"c627f36\" data-element_type=\"widget\" data-e-type=\"widget\" data-widget_type=\"heading.default\">\n\t\t\t\t<div class=\"elementor-widget-container\">\n\t\t\t\t\t<p class=\"elementor-heading-title elementor-size-default\">L-V 7:30AM - 4:30PM \/ S\u00e1b 8:00AM - 1:00PM \/ Dom - Cerrado<\/p>\t\t\t\t<\/div>\n\t\t\t\t<\/div>\n\t\t\t\t<div class=\"elementor-element elementor-element-c24eab6 elementor-widget-mobile__width-initial elementor-view-default elementor-widget elementor-widget-icon\" data-id=\"c24eab6\" data-element_type=\"widget\" data-e-type=\"widget\" data-widget_type=\"icon.default\">\n\t\t\t\t<div class=\"elementor-widget-container\">\n\t\t\t\t\t\t\t<div class=\"elementor-icon-wrapper\">\n\t\t\t<div class=\"elementor-icon\">\n\t\t\t<svg aria-hidden=\"true\" class=\"e-font-icon-svg e-fas-clock\" viewBox=\"0 0 512 512\" xmlns=\"http:\/\/www.w3.org\/2000\/svg\"><path d=\"M256,8C119,8,8,119,8,256S119,504,256,504,504,393,504,256,393,8,256,8Zm92.49,313h0l-20,25a16,16,0,0,1-22.49,2.5h0l-67-49.72a40,40,0,0,1-15-31.23V112a16,16,0,0,1,16-16h32a16,16,0,0,1,16,16V256l58,42.5A16,16,0,0,1,348.49,321Z\"><\/path><\/svg>\t\t\t<\/div>\n\t\t<\/div>\n\t\t\t\t\t\t<\/div>\n\t\t\t\t<\/div>\n\t\t\t\t<\/div>\n\t\t\t\t\t<\/div>\n\t\t\t\t<\/div>\n\t\t<div class=\"elementor-element elementor-element-f5bd32a e-flex e-con-boxed e-con e-child\" data-id=\"f5bd32a\" data-element_type=\"container\" data-e-type=\"container\">\n\t\t\t\t\t<div class=\"e-con-inner\">\n\t\t\t\t<div class=\"elementor-element elementor-element-3de17f7 elementor-widget elementor-widget-heading\" data-id=\"3de17f7\" data-element_type=\"widget\" data-e-type=\"widget\" data-widget_type=\"heading.default\">\n\t\t\t\t<div class=\"elementor-widget-container\">\n\t\t\t\t\t<h2 class=\"elementor-heading-title elementor-size-default\">C &amp; R Metals presta servicios en los siguientes condados desde nuestra sede de Miami<\/h2>\t\t\t\t<\/div>\n\t\t\t\t<\/div>\n\t\t\t\t<div class=\"elementor-element elementor-element-1e4c23a elementor-widget elementor-widget-text-editor\" data-id=\"1e4c23a\" data-element_type=\"widget\" data-e-type=\"widget\" data-widget_type=\"text-editor.default\">\n\t\t\t\t<div class=\"elementor-widget-container\">\n\t\t\t\t\t\t\t\t\t<p>C &amp; R Metals se enorgullece de servir a las vibrantes comunidades de los condados de Miami-Dade, Broward, Monroe y Palm Beach. Nuestro compromiso de proporcionar metales de alta calidad y un servicio al cliente excepcional se extiende por estas regiones, garantizando que nuestros clientes reciban los mejores materiales y apoyo para sus proyectos. <\/p>\t\t\t\t\t\t\t\t<\/div>\n\t\t\t\t<\/div>\n\t\t\t\t\t<\/div>\n\t\t\t\t<\/div>\n\t\t<div class=\"elementor-element elementor-element-34cbb02 serv e-flex e-con-boxed e-con e-parent\" data-id=\"34cbb02\" data-element_type=\"container\" data-e-type=\"container\">\n\t\t\t\t\t<div class=\"e-con-inner\">\n\t\t<div class=\"elementor-element elementor-element-d454524 e-con-full e-flex e-con e-child\" data-id=\"d454524\" data-element_type=\"container\" data-e-type=\"container\" data-settings=\"{&quot;background_background&quot;:&quot;classic&quot;}\">\n\t\t\t\t<div class=\"elementor-element elementor-element-d7ae2e6 cat-head elementor-widget elementor-widget-heading\" data-id=\"d7ae2e6\" data-element_type=\"widget\" data-e-type=\"widget\" data-widget_type=\"heading.default\">\n\t\t\t\t<div class=\"elementor-widget-container\">\n\t\t\t\t\t<h5 class=\"elementor-heading-title elementor-size-default\"><a href=\"https:\/\/crmetals.net\/es\/localizaciones\/miami-dade\/\">Condado de Miami-Dade<\/a><\/h5>\t\t\t\t<\/div>\n\t\t\t\t<\/div>\n\t\t\t\t<div class=\"elementor-element elementor-element-809c890 elementor-widget elementor-widget-text-editor\" data-id=\"809c890\" data-element_type=\"widget\" data-e-type=\"widget\" data-widget_type=\"text-editor.default\">\n\t\t\t\t<div class=\"elementor-widget-container\">\n\t\t\t\t\t\t\t\t\t<p>En el condado de Miami-Dade, C &amp; R Metals desempe\u00f1a un papel crucial en el apoyo tanto a los proyectos de construcci\u00f3n a gran escala como a los esfuerzos individuales de mejora del hogar. Nuestros metales de alta calidad se utilizan en diversos desarrollos de infraestructuras, como puentes, edificios e instalaciones p\u00fablicas. Para los residentes, proporcionamos materiales y servicios de fabricaci\u00f3n a medida para proyectos dom\u00e9sticos como puertas, barandillas y piezas decorativas.  <\/p>\t\t\t\t\t\t\t\t<\/div>\n\t\t\t\t<\/div>\n\t\t<a class=\"elementor-element elementor-element-dacb211 e-con-full e-flex e-con e-child\" data-id=\"dacb211\" data-element_type=\"container\" data-e-type=\"container\" data-settings=\"{&quot;background_background&quot;:&quot;classic&quot;}\" href=\"https:\/\/crmetals.net\/es\/localizaciones\/miami-dade\/\">\n\t\t\t\t<\/a>\n\t\t\t\t<\/div>\n\t\t<div class=\"elementor-element elementor-element-57abb81 e-con-full e-flex e-con e-child\" data-id=\"57abb81\" data-element_type=\"container\" data-e-type=\"container\" data-settings=\"{&quot;background_background&quot;:&quot;classic&quot;}\">\n\t\t\t\t<div class=\"elementor-element elementor-element-071ed11 cat-head elementor-widget elementor-widget-heading\" data-id=\"071ed11\" data-element_type=\"widget\" data-e-type=\"widget\" data-widget_type=\"heading.default\">\n\t\t\t\t<div class=\"elementor-widget-container\">\n\t\t\t\t\t<h5 class=\"elementor-heading-title elementor-size-default\"><a href=\"https:\/\/crmetals.net\/es\/localizaciones\/broward\/\">Condado de Broward<\/a><\/h5>\t\t\t\t<\/div>\n\t\t\t\t<\/div>\n\t\t\t\t<div class=\"elementor-element elementor-element-b2c67dc elementor-widget elementor-widget-text-editor\" data-id=\"b2c67dc\" data-element_type=\"widget\" data-e-type=\"widget\" data-widget_type=\"text-editor.default\">\n\t\t\t\t<div class=\"elementor-widget-container\">\n\t\t\t\t\t\t\t\t\t<p>El condado de Broward se beneficia de nuestra amplia gama de productos y servicios met\u00e1licos, esenciales para la construcci\u00f3n comercial y residencial. Suministramos metales para nuevas construcciones, reformas y proyectos de obras p\u00fablicas. Los propietarios de viviendas del condado de Broward tambi\u00e9n conf\u00edan en nosotros para sus proyectos de bricolaje, desde trabajos met\u00e1licos a medida hasta reparaciones y mejoras en sus casas.  <\/p>\t\t\t\t\t\t\t\t<\/div>\n\t\t\t\t<\/div>\n\t\t<a class=\"elementor-element elementor-element-6b1b0fb e-con-full e-flex e-con e-child\" data-id=\"6b1b0fb\" data-element_type=\"container\" data-e-type=\"container\" data-settings=\"{&quot;background_background&quot;:&quot;classic&quot;}\" href=\"https:\/\/crmetals.net\/es\/localizaciones\/broward\/\">\n\t\t\t\t<\/a>\n\t\t\t\t<\/div>\n\t\t\t\t\t<\/div>\n\t\t\t\t<\/div>\n\t\t<div class=\"elementor-element elementor-element-9e7385e serv e-flex e-con-boxed e-con e-parent\" data-id=\"9e7385e\" data-element_type=\"container\" data-e-type=\"container\">\n\t\t\t\t\t<div class=\"e-con-inner\">\n\t\t<div class=\"elementor-element elementor-element-e0def84 e-con-full e-flex e-con e-child\" data-id=\"e0def84\" data-element_type=\"container\" data-e-type=\"container\" data-settings=\"{&quot;background_background&quot;:&quot;classic&quot;}\">\n\t\t\t\t<div class=\"elementor-element elementor-element-439d367 cat-head elementor-widget elementor-widget-heading\" data-id=\"439d367\" data-element_type=\"widget\" data-e-type=\"widget\" data-widget_type=\"heading.default\">\n\t\t\t\t<div class=\"elementor-widget-container\">\n\t\t\t\t\t<h5 class=\"elementor-heading-title elementor-size-default\"><a href=\"https:\/\/crmetals.net\/es\/localizaciones\/monroe\/\">Condado de Monroe<\/a><\/h5>\t\t\t\t<\/div>\n\t\t\t\t<\/div>\n\t\t\t\t<div class=\"elementor-element elementor-element-bd92783 elementor-widget elementor-widget-text-editor\" data-id=\"bd92783\" data-element_type=\"widget\" data-e-type=\"widget\" data-widget_type=\"text-editor.default\">\n\t\t\t\t<div class=\"elementor-widget-container\">\n\t\t\t\t\t\t\t\t\t<p>En el condado de Monroe, conocido por sus singulares retos medioambientales, C &amp; R Metals proporciona materiales duraderos y fiables que soportan condiciones duras. Nuestros metales se utilizan en construcciones mar\u00edtimas, sistemas de protecci\u00f3n contra huracanes y otros proyectos de infraestructuras cr\u00edticas. Tambi\u00e9n ayudamos a los residentes con soluciones met\u00e1licas personalizadas para sus hogares, garantizando la seguridad y la longevidad.  <\/p>\t\t\t\t\t\t\t\t<\/div>\n\t\t\t\t<\/div>\n\t\t<a class=\"elementor-element elementor-element-ad2df6a e-con-full e-flex e-con e-child\" data-id=\"ad2df6a\" data-element_type=\"container\" data-e-type=\"container\" data-settings=\"{&quot;background_background&quot;:&quot;classic&quot;}\" href=\"https:\/\/crmetals.net\/es\/localizaciones\/monroe\/\">\n\t\t\t\t<\/a>\n\t\t\t\t<\/div>\n\t\t<div class=\"elementor-element elementor-element-df87239 e-con-full e-flex e-con e-child\" data-id=\"df87239\" data-element_type=\"container\" data-e-type=\"container\" data-settings=\"{&quot;background_background&quot;:&quot;classic&quot;}\">\n\t\t\t\t<div class=\"elementor-element elementor-element-6e4abc3 cat-head elementor-widget elementor-widget-heading\" data-id=\"6e4abc3\" data-element_type=\"widget\" data-e-type=\"widget\" data-widget_type=\"heading.default\">\n\t\t\t\t<div class=\"elementor-widget-container\">\n\t\t\t\t\t<h5 class=\"elementor-heading-title elementor-size-default\"><a href=\"\/locations\/palm-beach-county\/\">Condado de Palm Beach<\/a><\/h5>\t\t\t\t<\/div>\n\t\t\t\t<\/div>\n\t\t\t\t<div class=\"elementor-element elementor-element-0e12f37 elementor-widget elementor-widget-text-editor\" data-id=\"0e12f37\" data-element_type=\"widget\" data-e-type=\"widget\" data-widget_type=\"text-editor.default\">\n\t\t\t\t<div class=\"elementor-widget-container\">\n\t\t\t\t\t\t\t\t\t<p><span class=\"TextRun SCXW11848227 BCX0\" lang=\"EN-US\" xml:lang=\"EN-US\" data-contrast=\"auto\"><span class=\"NormalTextRun SCXW11848227 BCX0\">Palm Beach<\/span><span class=\"NormalTextRun SCXW11848227 BCX0\"> Condado<\/span><span class=\"NormalTextRun SCXW11848227 BCX0\">El din\u00e1mico sector de la construcci\u00f3n de EE.UU. prospera con el apoyo de los suministros met\u00e1licos de alta calidad y los expertos servicios de fabricaci\u00f3n de C &amp; R Metals. Atendemos una amplia gama de proyectos de construcci\u00f3n, como edificios comerciales, urbanizaciones e infraestructuras p\u00fablicas. Adem\u00e1s    <\/span><span class=\"NormalTextRun SCXW11848227 BCX0\">ayudar a los propietarios de<\/span><span class=\"NormalTextRun SCXW11848227 BCX0\"> a los propietarios de viviendas con sus necesidades de metal, proporcionando fabricaci\u00f3n a medida para vallas, puertas y otros proyectos de mejora del hogar.<\/span><\/span><span class=\"EOP SCXW11848227 BCX0\" data-ccp-props=\"{}\"> <\/span><\/p>\t\t\t\t\t\t\t\t<\/div>\n\t\t\t\t<\/div>\n\t\t<a class=\"elementor-element elementor-element-f8f7df3 e-con-full e-flex e-con e-child\" data-id=\"f8f7df3\" data-element_type=\"container\" data-e-type=\"container\" data-settings=\"{&quot;background_background&quot;:&quot;classic&quot;}\" href=\"\/locations\/palm-beach-county\/\">\n\t\t\t\t<\/a>\n\t\t\t\t<\/div>\n\t\t\t\t\t<\/div>\n\t\t\t\t<\/div>\n\t\t<div class=\"elementor-element elementor-element-52302c5b e-con-full e-flex e-con e-parent\" data-id=\"52302c5b\" data-element_type=\"container\" data-e-type=\"container\">\n\t\t<div class=\"elementor-element elementor-element-c9da810 e-flex e-con-boxed e-con e-child\" data-id=\"c9da810\" data-element_type=\"container\" data-e-type=\"container\" data-settings=\"{&quot;background_background&quot;:&quot;classic&quot;}\">\n\t\t\t\t\t<div class=\"e-con-inner\">\n\t\t<div class=\"elementor-element elementor-element-2c6f4b9d e-flex e-con-boxed e-con e-child\" data-id=\"2c6f4b9d\" data-element_type=\"container\" data-e-type=\"container\" data-settings=\"{&quot;background_background&quot;:&quot;classic&quot;}\">\n\t\t\t\t\t<div class=\"e-con-inner\">\n\t\t<div class=\"elementor-element elementor-element-433dda48 e-con-full e-flex e-con e-child\" data-id=\"433dda48\" data-element_type=\"container\" data-e-type=\"container\">\n\t\t\t\t<div class=\"elementor-element elementor-element-772ae55 elementor-widget elementor-widget-image\" data-id=\"772ae55\" data-element_type=\"widget\" data-e-type=\"widget\" data-widget_type=\"image.default\">\n\t\t\t\t<div class=\"elementor-widget-container\">\n\t\t\t\t\t\t\t\t\t\t\t\t\t\t\t<img fetchpriority=\"high\" width=\"530\" height=\"350\" src=\"https:\/\/crmetals.net\/wp-content\/uploads\/2025\/04\/contactus-new-animation.gif\" class=\"attachment-large size-large wp-image-46143\" alt=\"\" \/>\t\t\t\t\t\t\t\t\t\t\t\t\t\t\t<\/div>\n\t\t\t\t<\/div>\n\t\t\t\t<\/div>\n\t\t<div class=\"elementor-element elementor-element-65d1ee25 e-con-full e-flex e-con e-child\" data-id=\"65d1ee25\" data-element_type=\"container\" data-e-type=\"container\">\n\t\t\t\t<div class=\"elementor-element elementor-element-53e3da9a elementor-widget elementor-widget-heading\" data-id=\"53e3da9a\" data-element_type=\"widget\" data-e-type=\"widget\" data-widget_type=\"heading.default\">\n\t\t\t\t<div class=\"elementor-widget-container\">\n\t\t\t\t\t<h4 class=\"elementor-heading-title elementor-size-default\">Llama o P\u00e1sate Hoy<\/h4>\t\t\t\t<\/div>\n\t\t\t\t<\/div>\n\t\t\t\t<div class=\"elementor-element elementor-element-37b95f46 elementor-widget__width-initial elementor-widget elementor-widget-text-editor\" data-id=\"37b95f46\" data-element_type=\"widget\" data-e-type=\"widget\" data-widget_type=\"text-editor.default\">\n\t\t\t\t<div class=\"elementor-widget-container\">\n\t\t\t\t\t\t\t\t\t<p>\u00bfEst\u00e1s listo para empezar tu pr\u00f3ximo proyecto o simplemente necesitas piezas met\u00e1licas de calidad almacenadas localmente que puedan cortarse por encargo o entregarse en la cantidad exacta que necesites? Ponte en contacto con C &amp; R Metals hoy mismo para hablar de tus necesidades metal\u00fargicas y descubrir c\u00f3mo nuestra experiencia puede hacer realidad tu visi\u00f3n.  Nuestro equipo de profesionales est\u00e1 aqu\u00ed para proporcionarte productos y servicios de la m\u00e1xima calidad, garantizando tu plena satisfacci\u00f3n.<\/p>\t\t\t\t\t\t\t\t<\/div>\n\t\t\t\t<\/div>\n\t\t\t\t<div class=\"elementor-element elementor-element-1ecc00b2 elementor-widget-mobile__width-initial elementor-mobile-align-justify elementor-widget elementor-widget-button\" data-id=\"1ecc00b2\" data-element_type=\"widget\" data-e-type=\"widget\" data-widget_type=\"button.default\">\n\t\t\t\t<div class=\"elementor-widget-container\">\n\t\t\t\t\t\t\t\t\t<div class=\"elementor-button-wrapper\">\n\t\t\t\t\t<a class=\"elementor-button elementor-button-link elementor-size-sm\" href=\"https:\/\/crmetals.net\/es\/sobre-nosotros\/contacta-con-nosotros\/\">\n\t\t\t\t\t\t<span class=\"elementor-button-content-wrapper\">\n\t\t\t\t\t\t\t\t\t<span class=\"elementor-button-text\">Contacta con nosotros<\/span>\n\t\t\t\t\t<\/span>\n\t\t\t\t\t<\/a>\n\t\t\t\t<\/div>\n\t\t\t\t\t\t\t\t<\/div>\n\t\t\t\t<\/div>\n\t\t\t\t<\/div>\n\t\t\t\t\t<\/div>\n\t\t\t\t<\/div>\n\t\t\t\t\t<\/div>\n\t\t\t\t<\/div>\n\t\t\t\t<\/div>\n\t\t\t\t<\/div>\n\t\t","protected":false},"excerpt":{"rendered":"<p>Localizaciones 2991 NW North River Dr., Miami, FL, 33142 L-V 7:30AM &#8211; 4:30PM \/ S\u00e1b 8:00AM &#8211; 1:00PM \/ Dom &#8211; Cerrado C &amp; R Metals presta servicios en los siguientes condados desde nuestra sede de Miami C &amp; R Metals se enorgullece de servir a las vibrantes comunidades de los condados de Miami-Dade, Broward, [&hellip;]<\/p>\n","protected":false},"author":1,"featured_media":0,"parent":0,"menu_order":0,"comment_status":"closed","ping_status":"closed","template":"","meta":{"_monsterinsights_skip_tracking":false,"_monsterinsights_sitenote_active":false,"_monsterinsights_sitenote_note":"","_monsterinsights_sitenote_category":0,"footnotes":""},"class_list":["post-40855","page","type-page","status-publish","hentry"],"aioseo_notices":[],"_links":{"self":[{"href":"https:\/\/crmetals.net\/es\/wp-json\/wp\/v2\/pages\/40855","targetHints":{"allow":["GET"]}}],"collection":[{"href":"https:\/\/crmetals.net\/es\/wp-json\/wp\/v2\/pages"}],"about":[{"href":"https:\/\/crmetals.net\/es\/wp-json\/wp\/v2\/types\/page"}],"author":[{"embeddable":true,"href":"https:\/\/crmetals.net\/es\/wp-json\/wp\/v2\/users\/1"}],"replies":[{"embeddable":true,"href":"https:\/\/crmetals.net\/es\/wp-json\/wp\/v2\/comments?post=40855"}],"version-history":[{"count":14,"href":"https:\/\/crmetals.net\/es\/wp-json\/wp\/v2\/pages\/40855\/revisions"}],"predecessor-version":[{"id":49077,"href":"https:\/\/crmetals.net\/es\/wp-json\/wp\/v2\/pages\/40855\/revisions\/49077"}],"wp:attachment":[{"href":"https:\/\/crmetals.net\/es\/wp-json\/wp\/v2\/media?parent=40855"}],"curies":[{"name":"wp","href":"https:\/\/api.w.org\/{rel}","templated":true}]}}