{"id":33949,"date":"2024-08-22T12:55:32","date_gmt":"2024-08-22T17:55:32","guid":{"rendered":"https:\/\/crmetals.5starvisibility.net\/contacta-con-nosotros\/"},"modified":"2025-06-02T04:14:18","modified_gmt":"2025-06-02T09:14:18","slug":"contacta-con-nosotros","status":"publish","type":"page","link":"https:\/\/crmetals.net\/es\/sobre-nosotros\/contacta-con-nosotros\/","title":{"rendered":"Contacta con nosotros"},"content":{"rendered":"\t\t<div data-elementor-type=\"wp-page\" data-elementor-id=\"33949\" class=\"elementor elementor-33949 elementor-33798\" data-elementor-post-type=\"page\">\n\t\t\t\t<div class=\"elementor-element elementor-element-6156fdb e-flex e-con-boxed e-con e-parent\" data-id=\"6156fdb\" data-element_type=\"container\" data-e-type=\"container\" data-settings=\"{&quot;background_background&quot;:&quot;classic&quot;}\">\n\t\t\t\t\t<div class=\"e-con-inner\">\n\t\t\t\t<div class=\"elementor-element elementor-element-7c8ecd2 elementor-widget elementor-widget-heading\" data-id=\"7c8ecd2\" data-element_type=\"widget\" data-e-type=\"widget\" data-widget_type=\"heading.default\">\n\t\t\t\t<div class=\"elementor-widget-container\">\n\t\t\t\t\t<h1 class=\"elementor-heading-title elementor-size-default\">Contacta con nosotros<\/h1>\t\t\t\t<\/div>\n\t\t\t\t<\/div>\n\t\t\t\t\t<\/div>\n\t\t\t\t<\/div>\n\t\t<div class=\"elementor-element elementor-element-56c26a0 e-flex e-con-boxed e-con e-parent\" data-id=\"56c26a0\" data-element_type=\"container\" data-e-type=\"container\" data-settings=\"{&quot;background_background&quot;:&quot;classic&quot;}\">\n\t\t\t\t\t<div class=\"e-con-inner\">\n\t\t<div class=\"elementor-element elementor-element-8662ece e-con-full e-flex e-con e-child\" data-id=\"8662ece\" data-element_type=\"container\" data-e-type=\"container\">\n\t\t\t\t<div class=\"elementor-element elementor-element-7aaac95 elementor-widget-mobile__width-initial elementor-view-default elementor-widget elementor-widget-icon\" data-id=\"7aaac95\" data-element_type=\"widget\" data-e-type=\"widget\" data-widget_type=\"icon.default\">\n\t\t\t\t<div class=\"elementor-widget-container\">\n\t\t\t\t\t\t\t<div class=\"elementor-icon-wrapper\">\n\t\t\t<div class=\"elementor-icon\">\n\t\t\t<svg aria-hidden=\"true\" class=\"e-font-icon-svg e-fas-map-marker-alt\" viewBox=\"0 0 384 512\" xmlns=\"http:\/\/www.w3.org\/2000\/svg\"><path d=\"M172.268 501.67C26.97 291.031 0 269.413 0 192 0 85.961 85.961 0 192 0s192 85.961 192 192c0 77.413-26.97 99.031-172.268 309.67-9.535 13.774-29.93 13.773-39.464 0zM192 272c44.183 0 80-35.817 80-80s-35.817-80-80-80-80 35.817-80 80 35.817 80 80 80z\"><\/path><\/svg>\t\t\t<\/div>\n\t\t<\/div>\n\t\t\t\t\t\t<\/div>\n\t\t\t\t<\/div>\n\t\t\t\t<div class=\"elementor-element elementor-element-9f3980c elementor-widget-mobile__width-initial elementor-widget elementor-widget-heading\" data-id=\"9f3980c\" data-element_type=\"widget\" data-e-type=\"widget\" data-widget_type=\"heading.default\">\n\t\t\t\t<div class=\"elementor-widget-container\">\n\t\t\t\t\t<p class=\"elementor-heading-title elementor-size-default\">2991 NW North River Dr., Miami, FL, 33142  <\/p>\t\t\t\t<\/div>\n\t\t\t\t<\/div>\n\t\t\t\t<\/div>\n\t\t<div class=\"elementor-element elementor-element-83c7a8c e-con-full e-flex e-con e-child\" data-id=\"83c7a8c\" data-element_type=\"container\" data-e-type=\"container\">\n\t\t\t\t<div class=\"elementor-element elementor-element-70558ed elementor-widget-mobile__width-initial elementor-widget elementor-widget-heading\" data-id=\"70558ed\" data-element_type=\"widget\" data-e-type=\"widget\" data-widget_type=\"heading.default\">\n\t\t\t\t<div class=\"elementor-widget-container\">\n\t\t\t\t\t<p class=\"elementor-heading-title elementor-size-default\">L-V 7:30AM - 4:30PM \/ S\u00e1b 8:00AM - 1:00PM \/ Dom - Cerrado<\/p>\t\t\t\t<\/div>\n\t\t\t\t<\/div>\n\t\t\t\t<div class=\"elementor-element elementor-element-7882e51 elementor-widget-mobile__width-initial elementor-view-default elementor-widget elementor-widget-icon\" data-id=\"7882e51\" data-element_type=\"widget\" data-e-type=\"widget\" data-widget_type=\"icon.default\">\n\t\t\t\t<div class=\"elementor-widget-container\">\n\t\t\t\t\t\t\t<div class=\"elementor-icon-wrapper\">\n\t\t\t<div class=\"elementor-icon\">\n\t\t\t<svg aria-hidden=\"true\" class=\"e-font-icon-svg e-fas-clock\" viewBox=\"0 0 512 512\" xmlns=\"http:\/\/www.w3.org\/2000\/svg\"><path d=\"M256,8C119,8,8,119,8,256S119,504,256,504,504,393,504,256,393,8,256,8Zm92.49,313h0l-20,25a16,16,0,0,1-22.49,2.5h0l-67-49.72a40,40,0,0,1-15-31.23V112a16,16,0,0,1,16-16h32a16,16,0,0,1,16,16V256l58,42.5A16,16,0,0,1,348.49,321Z\"><\/path><\/svg>\t\t\t<\/div>\n\t\t<\/div>\n\t\t\t\t\t\t<\/div>\n\t\t\t\t<\/div>\n\t\t\t\t<\/div>\n\t\t\t\t\t<\/div>\n\t\t\t\t<\/div>\n\t\t<div class=\"elementor-element elementor-element-3b6ef3a e-flex e-con-boxed e-con e-parent\" data-id=\"3b6ef3a\" data-element_type=\"container\" data-e-type=\"container\">\n\t\t\t\t\t<div class=\"e-con-inner\">\n\t\t<div class=\"elementor-element elementor-element-bd74b36 e-con-full e-flex e-con e-child\" data-id=\"bd74b36\" data-element_type=\"container\" data-e-type=\"container\" data-settings=\"{&quot;background_background&quot;:&quot;classic&quot;}\">\n\t\t\t\t<div class=\"elementor-element elementor-element-d84b544 elementor-widget elementor-widget-heading\" data-id=\"d84b544\" data-element_type=\"widget\" data-e-type=\"widget\" data-widget_type=\"heading.default\">\n\t\t\t\t<div class=\"elementor-widget-container\">\n\t\t\t\t\t<h2 class=\"elementor-heading-title elementor-size-default\">Contacta con nosotros<\/h2>\t\t\t\t<\/div>\n\t\t\t\t<\/div>\n\t\t\t\t<div class=\"elementor-element elementor-element-6e35e24 elementor-widget elementor-widget-text-editor\" data-id=\"6e35e24\" data-element_type=\"widget\" data-e-type=\"widget\" data-widget_type=\"text-editor.default\">\n\t\t\t\t<div class=\"elementor-widget-container\">\n\t\t\t\t\t\t\t\t\t<p>En C &amp; R Metals, Inc. estamos aqu\u00ed para ayudarte con todas tus necesidades metal\u00fargicas. Tanto si tienes una pregunta, como si necesitas un presupuesto o quieres hablar de un proyecto, nuestro equipo est\u00e1 dispuesto a ayudarte.   <\/p><p>Para m\u00e1s informaci\u00f3n sobre nuestros servicios o para discutir las necesidades de tu proyecto, ponte en contacto con nosotros o visita nuestra tienda.\nHablamos espa\u00f1ol e ingl\u00e9s con fluidez para discutir f\u00e1cilmente los detalles de cualquier proyecto o necesidad de producto.   <\/p>\t\t\t\t\t\t\t\t<\/div>\n\t\t\t\t<\/div>\n\t\t\t\t<\/div>\n\t\t<div class=\"elementor-element elementor-element-0a9aa37 e-con-full e-flex e-con e-child\" data-id=\"0a9aa37\" data-element_type=\"container\" data-e-type=\"container\">\n\t\t\t\t<div class=\"elementor-element elementor-element-63fd8d5 elementor-widget elementor-widget-shortcode\" data-id=\"63fd8d5\" data-element_type=\"widget\" data-e-type=\"widget\" data-widget_type=\"shortcode.default\">\n\t\t\t\t<div class=\"elementor-widget-container\">\n\t\t\t\t\t\t\t<div class=\"elementor-shortcode\"><div tru-forms-app-id=\"tfb-4133e25dbd164c24a991aa657b62014d\"><\/div>\r\n\t\t\t\t<script src=\"https:\/\/forms.truvisibility.com\/static\/scripts\/embed.js\" type=\"text\/javascript\"><\/script>\r\n\t\t\t\t<script>\r\n                    window.__truForms = window.__truForms || {};\r\n                    window.__truForms.truFormsAppOptions = {}\r\n                    TruForms.createApp(\"tfb-4133e25dbd164c24a991aa657b62014d\", window.__truForms.truFormsAppOptions);\r\n                <\/script><\/div>\n\t\t\t\t\t\t<\/div>\n\t\t\t\t<\/div>\n\t\t\t\t<\/div>\n\t\t\t\t\t<\/div>\n\t\t\t\t<\/div>\n\t\t<div class=\"elementor-element elementor-element-9d17523 e-flex e-con-boxed e-con e-parent\" data-id=\"9d17523\" data-element_type=\"container\" data-e-type=\"container\">\n\t\t\t\t\t<div class=\"e-con-inner\">\n\t\t<div class=\"elementor-element elementor-element-09cb679 e-con-full e-flex e-con e-child\" data-id=\"09cb679\" data-element_type=\"container\" data-e-type=\"container\">\n\t\t<div class=\"elementor-element elementor-element-87980c0 e-con-full e-flex e-con e-child\" data-id=\"87980c0\" data-element_type=\"container\" data-e-type=\"container\">\n\t\t\t\t<div class=\"elementor-element elementor-element-c8de755 elementor-widget elementor-widget-heading\" data-id=\"c8de755\" data-element_type=\"widget\" data-e-type=\"widget\" data-widget_type=\"heading.default\">\n\t\t\t\t<div class=\"elementor-widget-container\">\n\t\t\t\t\t<h2 class=\"elementor-heading-title elementor-size-default\">Informaci\u00f3n de contacto<\/h2>\t\t\t\t<\/div>\n\t\t\t\t<\/div>\n\t\t<div class=\"elementor-element elementor-element-ef999f4 e-con-full e-flex e-con e-child\" data-id=\"ef999f4\" data-element_type=\"container\" data-e-type=\"container\">\n\t\t<div class=\"elementor-element elementor-element-9cef739 e-con-full e-flex e-con e-child\" data-id=\"9cef739\" data-element_type=\"container\" data-e-type=\"container\">\n\t\t\t\t<div class=\"elementor-element elementor-element-d79c8de elementor-view-default elementor-widget elementor-widget-icon\" data-id=\"d79c8de\" data-element_type=\"widget\" data-e-type=\"widget\" data-widget_type=\"icon.default\">\n\t\t\t\t<div class=\"elementor-widget-container\">\n\t\t\t\t\t\t\t<div class=\"elementor-icon-wrapper\">\n\t\t\t<div class=\"elementor-icon\">\n\t\t\t<svg aria-hidden=\"true\" class=\"e-font-icon-svg e-fas-map-marker-alt\" viewBox=\"0 0 384 512\" xmlns=\"http:\/\/www.w3.org\/2000\/svg\"><path d=\"M172.268 501.67C26.97 291.031 0 269.413 0 192 0 85.961 85.961 0 192 0s192 85.961 192 192c0 77.413-26.97 99.031-172.268 309.67-9.535 13.774-29.93 13.773-39.464 0zM192 272c44.183 0 80-35.817 80-80s-35.817-80-80-80-80 35.817-80 80 35.817 80 80 80z\"><\/path><\/svg>\t\t\t<\/div>\n\t\t<\/div>\n\t\t\t\t\t\t<\/div>\n\t\t\t\t<\/div>\n\t\t\t\t<div class=\"elementor-element elementor-element-66919e5 elementor-widget-mobile__width-initial elementor-widget elementor-widget-heading\" data-id=\"66919e5\" data-element_type=\"widget\" data-e-type=\"widget\" data-widget_type=\"heading.default\">\n\t\t\t\t<div class=\"elementor-widget-container\">\n\t\t\t\t\t<p class=\"elementor-heading-title elementor-size-default\">2991 NW North River Dr., Miami, FL, 33142  <\/p>\t\t\t\t<\/div>\n\t\t\t\t<\/div>\n\t\t\t\t<\/div>\n\t\t<div class=\"elementor-element elementor-element-a30efc2 e-con-full e-flex e-con e-child\" data-id=\"a30efc2\" data-element_type=\"container\" data-e-type=\"container\">\n\t\t\t\t<div class=\"elementor-element elementor-element-0c960b9 elementor-view-default elementor-widget elementor-widget-icon\" data-id=\"0c960b9\" data-element_type=\"widget\" data-e-type=\"widget\" data-widget_type=\"icon.default\">\n\t\t\t\t<div class=\"elementor-widget-container\">\n\t\t\t\t\t\t\t<div class=\"elementor-icon-wrapper\">\n\t\t\t<div class=\"elementor-icon\">\n\t\t\t<svg aria-hidden=\"true\" class=\"e-font-icon-svg e-fas-phone-alt\" viewBox=\"0 0 512 512\" xmlns=\"http:\/\/www.w3.org\/2000\/svg\"><path d=\"M497.39 361.8l-112-48a24 24 0 0 0-28 6.9l-49.6 60.6A370.66 370.66 0 0 1 130.6 204.11l60.6-49.6a23.94 23.94 0 0 0 6.9-28l-48-112A24.16 24.16 0 0 0 122.6.61l-104 24A24 24 0 0 0 0 48c0 256.5 207.9 464 464 464a24 24 0 0 0 23.4-18.6l24-104a24.29 24.29 0 0 0-14.01-27.6z\"><\/path><\/svg>\t\t\t<\/div>\n\t\t<\/div>\n\t\t\t\t\t\t<\/div>\n\t\t\t\t<\/div>\n\t\t\t\t<div class=\"elementor-element elementor-element-07b1835 elementor-widget elementor-widget-heading\" data-id=\"07b1835\" data-element_type=\"widget\" data-e-type=\"widget\" data-widget_type=\"heading.default\">\n\t\t\t\t<div class=\"elementor-widget-container\">\n\t\t\t\t\t<p class=\"elementor-heading-title elementor-size-default\"><a href=\"tel:3056342111\">(305) 634-2111<\/a><\/p>\t\t\t\t<\/div>\n\t\t\t\t<\/div>\n\t\t\t\t<\/div>\n\t\t<div class=\"elementor-element elementor-element-8a94810 e-con-full e-flex e-con e-child\" data-id=\"8a94810\" data-element_type=\"container\" data-e-type=\"container\">\n\t\t\t\t<div class=\"elementor-element elementor-element-37f4437 elementor-view-default elementor-widget elementor-widget-icon\" data-id=\"37f4437\" data-element_type=\"widget\" data-e-type=\"widget\" data-widget_type=\"icon.default\">\n\t\t\t\t<div class=\"elementor-widget-container\">\n\t\t\t\t\t\t\t<div class=\"elementor-icon-wrapper\">\n\t\t\t<div class=\"elementor-icon\">\n\t\t\t<svg xmlns=\"http:\/\/www.w3.org\/2000\/svg\" width=\"20\" height=\"18\" viewBox=\"0 0 20 18\" fill=\"none\"><path d=\"M3.33333 0C2.44928 0 1.60143 0.358213 0.976311 0.995837C0.351189 1.63346 0 2.49826 0 3.4V3.7417L10 9.2344L20 3.7434V3.4C20 2.49826 19.6488 1.63346 19.0237 0.995837C18.3986 0.358213 17.5507 0 16.6667 0H3.33333ZM20 5.6729L10.395 10.948C10.2736 11.0147 10.1379 11.0496 10 11.0496C9.86212 11.0496 9.7264 11.0147 9.605 10.948L0 5.6729V14.6C0 15.5017 0.351189 16.3665 0.976311 17.0042C1.60143 17.6418 2.44928 18 3.33333 18H16.6667C17.5507 18 18.3986 17.6418 19.0237 17.0042C19.6488 16.3665 20 15.5017 20 14.6V5.6729Z\" fill=\"#CB2026\"><\/path><\/svg>\t\t\t<\/div>\n\t\t<\/div>\n\t\t\t\t\t\t<\/div>\n\t\t\t\t<\/div>\n\t\t\t\t<div class=\"elementor-element elementor-element-63a3adb elementor-widget elementor-widget-heading\" data-id=\"63a3adb\" data-element_type=\"widget\" data-e-type=\"widget\" data-widget_type=\"heading.default\">\n\t\t\t\t<div class=\"elementor-widget-container\">\n\t\t\t\t\t<p class=\"elementor-heading-title elementor-size-default\"><a href=\"mailto:sales@crmetals.net\">sales@crmetals.net<\/a><\/p>\t\t\t\t<\/div>\n\t\t\t\t<\/div>\n\t\t\t\t<\/div>\n\t\t\t\t<div class=\"elementor-element elementor-element-45725cd elementor-widget elementor-widget-heading\" data-id=\"45725cd\" data-element_type=\"widget\" data-e-type=\"widget\" data-widget_type=\"heading.default\">\n\t\t\t\t<div class=\"elementor-widget-container\">\n\t\t\t\t\t<p class=\"elementor-heading-title elementor-size-default\">Horario de atenci\u00f3n al p\u00fablico<\/p>\t\t\t\t<\/div>\n\t\t\t\t<\/div>\n\t\t<div class=\"elementor-element elementor-element-122e30d e-con-full e-flex e-con e-child\" data-id=\"122e30d\" data-element_type=\"container\" data-e-type=\"container\">\n\t\t<div class=\"elementor-element elementor-element-e27e285 e-con-full e-flex e-con e-child\" data-id=\"e27e285\" data-element_type=\"container\" data-e-type=\"container\">\n\t\t\t\t<div class=\"elementor-element elementor-element-21e59f4 elementor-view-default elementor-widget elementor-widget-icon\" data-id=\"21e59f4\" data-element_type=\"widget\" data-e-type=\"widget\" data-widget_type=\"icon.default\">\n\t\t\t\t<div class=\"elementor-widget-container\">\n\t\t\t\t\t\t\t<div class=\"elementor-icon-wrapper\">\n\t\t\t<div class=\"elementor-icon\">\n\t\t\t<svg xmlns=\"http:\/\/www.w3.org\/2000\/svg\" width=\"20\" height=\"20\" viewBox=\"0 0 20 20\" fill=\"none\"><path d=\"M10 0C8.68678 0 7.38642 0.258658 6.17317 0.761205C4.95991 1.26375 3.85752 2.00035 2.92893 2.92893C1.05357 4.8043 0 7.34784 0 10C0 12.6522 1.05357 15.1957 2.92893 17.0711C3.85752 17.9997 4.95991 18.7362 6.17317 19.2388C7.38642 19.7413 8.68678 20 10 20C12.6522 20 15.1957 18.9464 17.0711 17.0711C18.9464 15.1957 20 12.6522 20 10C20 8.68678 19.7413 7.38642 19.2388 6.17317C18.7362 4.95991 17.9997 3.85752 17.0711 2.92893C16.1425 2.00035 15.0401 1.26375 13.8268 0.761205C12.6136 0.258658 11.3132 0 10 0ZM14.2 14.2L9 11V5H10.5V10.2L15 12.9L14.2 14.2Z\" fill=\"#CB2026\"><\/path><\/svg>\t\t\t<\/div>\n\t\t<\/div>\n\t\t\t\t\t\t<\/div>\n\t\t\t\t<\/div>\n\t\t\t\t<\/div>\n\t\t<div class=\"elementor-element elementor-element-a6349c6 e-con-full e-flex e-con e-child\" data-id=\"a6349c6\" data-element_type=\"container\" data-e-type=\"container\">\n\t\t\t\t<div class=\"elementor-element elementor-element-0405c98 elementor-widget__width-initial elementor-widget-mobile__width-initial elementor-widget elementor-widget-text-editor\" data-id=\"0405c98\" data-element_type=\"widget\" data-e-type=\"widget\" data-widget_type=\"text-editor.default\">\n\t\t\t\t<div class=\"elementor-widget-container\">\n\t\t\t\t\t\t\t\t\t<p>Lunes &#8211; Viernes: 7:30AM &#8211; 4:30PM<\/p><p>S\u00e1bado 8:00 &#8211; 13:00<\/p><p>Domingo: Cerrado<\/p>\t\t\t\t\t\t\t\t<\/div>\n\t\t\t\t<\/div>\n\t\t\t\t<\/div>\n\t\t\t\t<\/div>\n\t\t\t\t<\/div>\n\t\t\t\t<\/div>\n\t\t\t\t<\/div>\n\t\t<div class=\"elementor-element elementor-element-87b7422 e-con-full e-flex e-con e-child\" data-id=\"87b7422\" data-element_type=\"container\" data-e-type=\"container\">\n\t\t<div class=\"elementor-element elementor-element-aec8611 e-con-full e-flex e-con e-child\" data-id=\"aec8611\" data-element_type=\"container\" data-e-type=\"container\">\n\t\t\t\t<div class=\"elementor-element elementor-element-c734be6 elementor-widget elementor-widget-google_maps\" data-id=\"c734be6\" data-element_type=\"widget\" data-e-type=\"widget\" data-widget_type=\"google_maps.default\">\n\t\t\t\t<div class=\"elementor-widget-container\">\n\t\t\t\t\t\t\t<div class=\"elementor-custom-embed\">\n\t\t\t<iframe loading=\"lazy\"\n\t\t\t\t\tsrc=\"https:\/\/maps.google.com\/maps?q=2991%20NW%20North%20River%20Dr.%2C%20Miami%2C%20FL%2C%2033142%20&#038;t=m&#038;z=16&#038;output=embed&#038;iwloc=near\"\n\t\t\t\t\ttitle=\"2991 NW North River Dr., Miami, FL, 33142 \"\n\t\t\t\t\taria-label=\"2991 NW North River Dr., Miami, FL, 33142 \"\n\t\t\t><\/iframe>\n\t\t<\/div>\n\t\t\t\t\t\t<\/div>\n\t\t\t\t<\/div>\n\t\t\t\t<\/div>\n\t\t\t\t<\/div>\n\t\t\t\t\t<\/div>\n\t\t\t\t<\/div>\n\t\t<div class=\"elementor-element elementor-element-a5d3005 e-flex e-con-boxed e-con e-parent\" data-id=\"a5d3005\" data-element_type=\"container\" data-e-type=\"container\" data-settings=\"{&quot;background_background&quot;:&quot;classic&quot;}\">\n\t\t\t\t\t<div class=\"e-con-inner\">\n\t\t<div class=\"elementor-element elementor-element-9832432 e-con-full e-flex e-con e-child\" data-id=\"9832432\" data-element_type=\"container\" data-e-type=\"container\">\n\t\t\t\t<div class=\"elementor-element elementor-element-9810ac0 elementor-widget elementor-widget-heading\" data-id=\"9810ac0\" data-element_type=\"widget\" data-e-type=\"widget\" data-widget_type=\"heading.default\">\n\t\t\t\t<div class=\"elementor-widget-container\">\n\t\t\t\t\t<h2 class=\"elementor-heading-title elementor-size-default\">Informaci\u00f3n adicional<\/h2>\t\t\t\t<\/div>\n\t\t\t\t<\/div>\n\t\t<div class=\"elementor-element elementor-element-1daa3ea e-con-full e-flex e-con e-child\" data-id=\"1daa3ea\" data-element_type=\"container\" data-e-type=\"container\">\n\t\t<div class=\"elementor-element elementor-element-67818bc e-con-full e-flex e-con e-child\" data-id=\"67818bc\" data-element_type=\"container\" data-e-type=\"container\">\n\t\t\t\t<div class=\"elementor-element elementor-element-33a94aa elementor-widget elementor-widget-text-editor\" data-id=\"33a94aa\" data-element_type=\"widget\" data-e-type=\"widget\" data-widget_type=\"text-editor.default\">\n\t\t\t\t<div class=\"elementor-widget-container\">\n\t\t\t\t\t\t\t\t\t<p>Horario de fabricaci\u00f3n: 7:30 AM &#8211; 4:00 PM<br>Walk-Ins Welcome<br>Hablamos Espa\u00f1ol<\/p>\t\t\t\t\t\t\t\t<\/div>\n\t\t\t\t<\/div>\n\t\t\t\t<\/div>\n\t\t<div class=\"elementor-element elementor-element-296db99 e-con-full e-flex e-con e-child\" data-id=\"296db99\" data-element_type=\"container\" data-e-type=\"container\">\n\t\t\t\t<div class=\"elementor-element elementor-element-618d687 elementor-widget elementor-widget-text-editor\" data-id=\"618d687\" data-element_type=\"widget\" data-e-type=\"widget\" data-widget_type=\"text-editor.default\">\n\t\t\t\t<div class=\"elementor-widget-container\">\n\t\t\t\t\t\t\t\t\t<p>Entrega en Dade, Broward y North Monroe<br>Servicio de emergencia disponible<br>Servicio r\u00e1pido de exportaci\u00f3n<\/p>\t\t\t\t\t\t\t\t<\/div>\n\t\t\t\t<\/div>\n\t\t\t\t<\/div>\n\t\t\t\t<\/div>\n\t\t\t\t<\/div>\n\t\t<div class=\"elementor-element elementor-element-b13dd86 e-con-full e-flex e-con e-child\" data-id=\"b13dd86\" data-element_type=\"container\" data-e-type=\"container\">\n\t\t\t\t<div class=\"elementor-element elementor-element-43a715a elementor-widget elementor-widget-image\" data-id=\"43a715a\" data-element_type=\"widget\" data-e-type=\"widget\" data-widget_type=\"image.default\">\n\t\t\t\t<div class=\"elementor-widget-container\">\n\t\t\t\t\t\t\t\t\t\t\t\t\t\t\t<img fetchpriority=\"high\" width=\"530\" height=\"350\" src=\"https:\/\/crmetals.net\/wp-content\/uploads\/2025\/04\/contactus-new-animation.gif\" class=\"attachment-large size-large wp-image-46142\" alt=\"\" \/>\t\t\t\t\t\t\t\t\t\t\t\t\t\t\t<\/div>\n\t\t\t\t<\/div>\n\t\t\t\t<\/div>\n\t\t\t\t\t<\/div>\n\t\t\t\t<\/div>\n\t\t\t\t<\/div>\n\t\t","protected":false},"excerpt":{"rendered":"<p>Contacta con nosotros 2991 NW North River Dr., Miami, FL, 33142 L-V 7:30AM &#8211; 4:30PM \/ S\u00e1b 8:00AM &#8211; 1:00PM \/ Dom &#8211; Cerrado Contacta con nosotros En C &amp; R Metals, Inc. estamos aqu\u00ed para ayudarte con todas tus necesidades metal\u00fargicas. Tanto si tienes una pregunta, como si necesitas un presupuesto o quieres hablar [&hellip;]<\/p>\n","protected":false},"author":1,"featured_media":0,"parent":40540,"menu_order":0,"comment_status":"closed","ping_status":"closed","template":"","meta":{"_monsterinsights_skip_tracking":false,"_monsterinsights_sitenote_active":false,"_monsterinsights_sitenote_note":"","_monsterinsights_sitenote_category":0,"footnotes":""},"class_list":["post-33949","page","type-page","status-publish","hentry"],"aioseo_notices":[],"_links":{"self":[{"href":"https:\/\/crmetals.net\/es\/wp-json\/wp\/v2\/pages\/33949","targetHints":{"allow":["GET"]}}],"collection":[{"href":"https:\/\/crmetals.net\/es\/wp-json\/wp\/v2\/pages"}],"about":[{"href":"https:\/\/crmetals.net\/es\/wp-json\/wp\/v2\/types\/page"}],"author":[{"embeddable":true,"href":"https:\/\/crmetals.net\/es\/wp-json\/wp\/v2\/users\/1"}],"replies":[{"embeddable":true,"href":"https:\/\/crmetals.net\/es\/wp-json\/wp\/v2\/comments?post=33949"}],"version-history":[{"count":5,"href":"https:\/\/crmetals.net\/es\/wp-json\/wp\/v2\/pages\/33949\/revisions"}],"predecessor-version":[{"id":46662,"href":"https:\/\/crmetals.net\/es\/wp-json\/wp\/v2\/pages\/33949\/revisions\/46662"}],"up":[{"embeddable":true,"href":"https:\/\/crmetals.net\/es\/wp-json\/wp\/v2\/pages\/40540"}],"wp:attachment":[{"href":"https:\/\/crmetals.net\/es\/wp-json\/wp\/v2\/media?parent=33949"}],"curies":[{"name":"wp","href":"https:\/\/api.w.org\/{rel}","templated":true}]}}