{"id":33931,"date":"2024-09-04T09:59:51","date_gmt":"2024-09-04T14:59:51","guid":{"rendered":"https:\/\/crmetals.5starvisibility.net\/blog\/"},"modified":"2025-12-22T05:15:46","modified_gmt":"2025-12-22T10:15:46","slug":"blog","status":"publish","type":"page","link":"https:\/\/crmetals.net\/es\/blog\/","title":{"rendered":"Blog"},"content":{"rendered":"\t\t<div data-elementor-type=\"wp-page\" data-elementor-id=\"33931\" class=\"elementor elementor-33931 elementor-33883\" data-elementor-post-type=\"page\">\n\t\t\t\t<div class=\"elementor-element elementor-element-f22cc93 e-flex e-con-boxed e-con e-parent\" data-id=\"f22cc93\" data-element_type=\"container\" data-e-type=\"container\" data-settings=\"{&quot;background_background&quot;:&quot;classic&quot;}\">\n\t\t\t\t\t<div class=\"e-con-inner\">\n\t\t\t\t<div class=\"elementor-element elementor-element-c4dc310 elementor-widget elementor-widget-heading\" data-id=\"c4dc310\" data-element_type=\"widget\" data-e-type=\"widget\" data-widget_type=\"heading.default\">\n\t\t\t\t<div class=\"elementor-widget-container\">\n\t\t\t\t\t<h1 class=\"elementor-heading-title elementor-size-default\">Blog<\/h1>\t\t\t\t<\/div>\n\t\t\t\t<\/div>\n\t\t\t\t\t<\/div>\n\t\t\t\t<\/div>\n\t\t<div class=\"elementor-element elementor-element-cfb23ca e-flex e-con-boxed e-con e-parent\" data-id=\"cfb23ca\" data-element_type=\"container\" data-e-type=\"container\" data-settings=\"{&quot;background_background&quot;:&quot;classic&quot;}\">\n\t\t\t\t\t<div class=\"e-con-inner\">\n\t\t<div class=\"elementor-element elementor-element-cef1cbd e-con-full e-flex e-con e-child\" data-id=\"cef1cbd\" data-element_type=\"container\" data-e-type=\"container\">\n\t\t\t\t<div class=\"elementor-element elementor-element-f960c9f elementor-widget-mobile__width-initial elementor-view-default elementor-widget elementor-widget-icon\" data-id=\"f960c9f\" data-element_type=\"widget\" data-e-type=\"widget\" data-widget_type=\"icon.default\">\n\t\t\t\t<div class=\"elementor-widget-container\">\n\t\t\t\t\t\t\t<div class=\"elementor-icon-wrapper\">\n\t\t\t<div class=\"elementor-icon\">\n\t\t\t<svg aria-hidden=\"true\" class=\"e-font-icon-svg e-fas-map-marker-alt\" viewBox=\"0 0 384 512\" xmlns=\"http:\/\/www.w3.org\/2000\/svg\"><path d=\"M172.268 501.67C26.97 291.031 0 269.413 0 192 0 85.961 85.961 0 192 0s192 85.961 192 192c0 77.413-26.97 99.031-172.268 309.67-9.535 13.774-29.93 13.773-39.464 0zM192 272c44.183 0 80-35.817 80-80s-35.817-80-80-80-80 35.817-80 80 35.817 80 80 80z\"><\/path><\/svg>\t\t\t<\/div>\n\t\t<\/div>\n\t\t\t\t\t\t<\/div>\n\t\t\t\t<\/div>\n\t\t\t\t<div class=\"elementor-element elementor-element-4b5692f elementor-widget-mobile__width-initial elementor-widget elementor-widget-heading\" data-id=\"4b5692f\" data-element_type=\"widget\" data-e-type=\"widget\" data-widget_type=\"heading.default\">\n\t\t\t\t<div class=\"elementor-widget-container\">\n\t\t\t\t\t<p class=\"elementor-heading-title elementor-size-default\">2991 NW North River Dr., Miami, FL, 33142  <\/p>\t\t\t\t<\/div>\n\t\t\t\t<\/div>\n\t\t\t\t<\/div>\n\t\t<div class=\"elementor-element elementor-element-075b256 e-con-full e-flex e-con e-child\" data-id=\"075b256\" data-element_type=\"container\" data-e-type=\"container\">\n\t\t\t\t<div class=\"elementor-element elementor-element-7f34fc6 elementor-widget-mobile__width-initial elementor-widget elementor-widget-heading\" data-id=\"7f34fc6\" data-element_type=\"widget\" data-e-type=\"widget\" data-widget_type=\"heading.default\">\n\t\t\t\t<div class=\"elementor-widget-container\">\n\t\t\t\t\t<p class=\"elementor-heading-title elementor-size-default\">L-V 7:30AM - 4:30PM \/ S\u00e1b 8:00AM - 1:00PM \/ Dom - Cerrado<\/p>\t\t\t\t<\/div>\n\t\t\t\t<\/div>\n\t\t\t\t<div class=\"elementor-element elementor-element-f2db791 elementor-widget-mobile__width-initial elementor-view-default elementor-widget elementor-widget-icon\" data-id=\"f2db791\" data-element_type=\"widget\" data-e-type=\"widget\" data-widget_type=\"icon.default\">\n\t\t\t\t<div class=\"elementor-widget-container\">\n\t\t\t\t\t\t\t<div class=\"elementor-icon-wrapper\">\n\t\t\t<div class=\"elementor-icon\">\n\t\t\t<svg aria-hidden=\"true\" class=\"e-font-icon-svg e-fas-clock\" viewBox=\"0 0 512 512\" xmlns=\"http:\/\/www.w3.org\/2000\/svg\"><path d=\"M256,8C119,8,8,119,8,256S119,504,256,504,504,393,504,256,393,8,256,8Zm92.49,313h0l-20,25a16,16,0,0,1-22.49,2.5h0l-67-49.72a40,40,0,0,1-15-31.23V112a16,16,0,0,1,16-16h32a16,16,0,0,1,16,16V256l58,42.5A16,16,0,0,1,348.49,321Z\"><\/path><\/svg>\t\t\t<\/div>\n\t\t<\/div>\n\t\t\t\t\t\t<\/div>\n\t\t\t\t<\/div>\n\t\t\t\t<\/div>\n\t\t\t\t\t<\/div>\n\t\t\t\t<\/div>\n\t\t<div class=\"elementor-element elementor-element-23fbf0f e-flex e-con-boxed e-con e-parent\" data-id=\"23fbf0f\" data-element_type=\"container\" data-e-type=\"container\">\n\t\t\t\t\t<div class=\"e-con-inner\">\n\t\t\t\t<div class=\"elementor-element elementor-element-23527b6 elementor-widget elementor-widget-heading\" data-id=\"23527b6\" data-element_type=\"widget\" data-e-type=\"widget\" data-widget_type=\"heading.default\">\n\t\t\t\t<div class=\"elementor-widget-container\">\n\t\t\t\t\t<h2 class=\"elementor-heading-title elementor-size-default\">Blog de C &amp; R Metales<\/h2>\t\t\t\t<\/div>\n\t\t\t\t<\/div>\n\t\t\t\t<div class=\"elementor-element elementor-element-f308297 elementor-widget elementor-widget-text-editor\" data-id=\"f308297\" data-element_type=\"widget\" data-e-type=\"widget\" data-widget_type=\"text-editor.default\">\n\t\t\t\t<div class=\"elementor-widget-container\">\n\t\t\t\t\t\t\t\t\t<p>Bienvenido al blog de C &amp; R Metals, donde compartimos opiniones de expertos y las \u00faltimas tendencias de la industria del metal. Sum\u00e9rgete en nuestros art\u00edculos para estar informado sobre t\u00e9cnicas innovadoras, noticias del sector y consejos pr\u00e1cticos para todas tus necesidades metal\u00fargicas. <\/p>\t\t\t\t\t\t\t\t<\/div>\n\t\t\t\t<\/div>\n\t\t\t\t\t<\/div>\n\t\t\t\t<\/div>\n\t\t<div class=\"elementor-element elementor-element-4c9ef6b e-flex e-con-boxed e-con e-parent\" data-id=\"4c9ef6b\" data-element_type=\"container\" data-e-type=\"container\">\n\t\t\t\t\t<div class=\"e-con-inner\">\n\t\t\t\t<div class=\"elementor-element elementor-element-6367604 elementor-grid-3 elementor-grid-tablet-2 elementor-grid-mobile-1 elementor-posts--thumbnail-top load-more-align-center elementor-widget elementor-widget-posts\" data-id=\"6367604\" data-element_type=\"widget\" data-e-type=\"widget\" data-settings=\"{&quot;pagination_type&quot;:&quot;load_more_on_click&quot;,&quot;classic_columns&quot;:&quot;3&quot;,&quot;classic_columns_tablet&quot;:&quot;2&quot;,&quot;classic_columns_mobile&quot;:&quot;1&quot;,&quot;classic_row_gap&quot;:{&quot;unit&quot;:&quot;px&quot;,&quot;size&quot;:35,&quot;sizes&quot;:[]},&quot;classic_row_gap_tablet&quot;:{&quot;unit&quot;:&quot;px&quot;,&quot;size&quot;:&quot;&quot;,&quot;sizes&quot;:[]},&quot;classic_row_gap_mobile&quot;:{&quot;unit&quot;:&quot;px&quot;,&quot;size&quot;:&quot;&quot;,&quot;sizes&quot;:[]},&quot;load_more_spinner&quot;:{&quot;value&quot;:&quot;fas fa-spinner&quot;,&quot;library&quot;:&quot;fa-solid&quot;}}\" data-widget_type=\"posts.classic\">\n\t\t\t\t<div class=\"elementor-widget-container\">\n\t\t\t\t\t\t\t<div class=\"elementor-posts-container elementor-posts elementor-posts--skin-classic elementor-grid\" role=\"list\">\n\t\t\t\t<article class=\"elementor-post elementor-grid-item post-45940 post type-post status-publish format-standard has-post-thumbnail hentry category-blog-es category-blog\" role=\"listitem\">\n\t\t\t\t<a class=\"elementor-post__thumbnail__link\" href=\"https:\/\/crmetals.net\/es\/las-calidades-del-laton-y-sus-aplicaciones-una-inmersion-profunda-en-la-aleacion-dorada\/\" tabindex=\"-1\" >\n\t\t\t<div class=\"elementor-post__thumbnail\"><img fetchpriority=\"high\" width=\"768\" height=\"344\" src=\"https:\/\/crmetals.net\/wp-content\/uploads\/2025\/03\/20-Blog-Post-_Brass-Grades-and-Their-Applications_-768x344.jpg\" class=\"attachment-medium_large size-medium_large wp-image-45932\" alt=\"Brass Grades and Their Applications: A Deep Dive into the Golden Alloy\" srcset=\"https:\/\/crmetals.net\/wp-content\/uploads\/2025\/03\/20-Blog-Post-_Brass-Grades-and-Their-Applications_-768x344.jpg 768w, https:\/\/crmetals.net\/wp-content\/uploads\/2025\/03\/20-Blog-Post-_Brass-Grades-and-Their-Applications_-300x134.jpg 300w, https:\/\/crmetals.net\/wp-content\/uploads\/2025\/03\/20-Blog-Post-_Brass-Grades-and-Their-Applications_-600x269.jpg 600w, https:\/\/crmetals.net\/wp-content\/uploads\/2025\/03\/20-Blog-Post-_Brass-Grades-and-Their-Applications_.jpg 960w\" sizes=\"(max-width: 768px) 100vw, 768px\" \/><\/div>\n\t\t<\/a>\n\t\t\t\t<div class=\"elementor-post__text\">\n\t\t\t\t<h3 class=\"elementor-post__title\">\n\t\t\t<a href=\"https:\/\/crmetals.net\/es\/las-calidades-del-laton-y-sus-aplicaciones-una-inmersion-profunda-en-la-aleacion-dorada\/\" >\n\t\t\t\tLas calidades del lat\u00f3n y sus aplicaciones: Una inmersi\u00f3n profunda en la aleaci\u00f3n dorada\t\t\t<\/a>\n\t\t<\/h3>\n\t\t\t\t<div class=\"elementor-post__meta-data\">\n\t\t\t\t\t<span class=\"elementor-post-date\">\n\t\t\tmarzo 20, 2025\t\t<\/span>\n\t\t\t\t<\/div>\n\t\t\t\t<div class=\"elementor-post__excerpt\">\n\t\t\t<p>Gu\u00eda experta sobre los grados de lat\u00f3n (C260, C360+) y sus usos. Conoce las propiedades de las aleaciones y c\u00f3mo seleccionar el mejor lat\u00f3n para aplicaciones industriales. <\/p>\n\t\t<\/div>\n\t\t\t\t<\/div>\n\t\t\t\t<\/article>\n\t\t\t\t<article class=\"elementor-post elementor-grid-item post-45873 post type-post status-publish format-standard has-post-thumbnail hentry category-blog-es\" role=\"listitem\">\n\t\t\t\t<a class=\"elementor-post__thumbnail__link\" href=\"https:\/\/crmetals.net\/es\/los-mejores-metales-para-proyectos-al-aire-libre-como-prepararse-para-el-clima-de-miami\/\" tabindex=\"-1\" >\n\t\t\t<div class=\"elementor-post__thumbnail\"><img width=\"768\" height=\"344\" src=\"https:\/\/crmetals.net\/wp-content\/uploads\/2025\/03\/19-Blog-Post-_Best-Metals-for-Outdoor-Projects_-Preparing-for-Miamis-Weather_-768x344.jpg\" class=\"attachment-medium_large size-medium_large wp-image-45865\" alt=\"Best Metals for Outdoor Projects: Preparing for Miami&#039;s Weather\" srcset=\"https:\/\/crmetals.net\/wp-content\/uploads\/2025\/03\/19-Blog-Post-_Best-Metals-for-Outdoor-Projects_-Preparing-for-Miamis-Weather_-768x344.jpg 768w, https:\/\/crmetals.net\/wp-content\/uploads\/2025\/03\/19-Blog-Post-_Best-Metals-for-Outdoor-Projects_-Preparing-for-Miamis-Weather_-300x134.jpg 300w, https:\/\/crmetals.net\/wp-content\/uploads\/2025\/03\/19-Blog-Post-_Best-Metals-for-Outdoor-Projects_-Preparing-for-Miamis-Weather_-600x269.jpg 600w, https:\/\/crmetals.net\/wp-content\/uploads\/2025\/03\/19-Blog-Post-_Best-Metals-for-Outdoor-Projects_-Preparing-for-Miamis-Weather_.jpg 960w\" sizes=\"(max-width: 768px) 100vw, 768px\" \/><\/div>\n\t\t<\/a>\n\t\t\t\t<div class=\"elementor-post__text\">\n\t\t\t\t<h3 class=\"elementor-post__title\">\n\t\t\t<a href=\"https:\/\/crmetals.net\/es\/los-mejores-metales-para-proyectos-al-aire-libre-como-prepararse-para-el-clima-de-miami\/\" >\n\t\t\t\tLos mejores metales para proyectos al aire libre: C\u00f3mo prepararse para el clima de Miami\t\t\t<\/a>\n\t\t<\/h3>\n\t\t\t\t<div class=\"elementor-post__meta-data\">\n\t\t\t\t\t<span class=\"elementor-post-date\">\n\t\t\tmarzo 13, 2025\t\t<\/span>\n\t\t\t\t<\/div>\n\t\t\t\t<div class=\"elementor-post__excerpt\">\n\t\t\t<p>\u00a1Conquista el duro clima de Miami! Aprende qu\u00e9 metales (aluminio, acero inoxidable, cobre) son los mejores para proyectos de exterior duraderos y bellos. Recibe consejos de expertos.  <\/p>\n\t\t<\/div>\n\t\t\t\t<\/div>\n\t\t\t\t<\/article>\n\t\t\t\t<article class=\"elementor-post elementor-grid-item post-45861 post type-post status-publish format-standard has-post-thumbnail hentry category-blog-es category-blog\" role=\"listitem\">\n\t\t\t\t<a class=\"elementor-post__thumbnail__link\" href=\"https:\/\/crmetals.net\/es\/herramientas-para-trabajar-el-metal-que-todo-aficionado-al-bricolaje-debe-tener\/\" tabindex=\"-1\" >\n\t\t\t<div class=\"elementor-post__thumbnail\"><img width=\"768\" height=\"344\" src=\"https:\/\/crmetals.net\/wp-content\/uploads\/2025\/03\/18-Blog-Post-_Metalworking-Tools-Every-DIY-Enthusiast-Should-Have_-768x344.jpg\" class=\"attachment-medium_large size-medium_large wp-image-45850\" alt=\"Metalworking Tools Every DIY Enthusiast Should Have\" srcset=\"https:\/\/crmetals.net\/wp-content\/uploads\/2025\/03\/18-Blog-Post-_Metalworking-Tools-Every-DIY-Enthusiast-Should-Have_-768x344.jpg 768w, https:\/\/crmetals.net\/wp-content\/uploads\/2025\/03\/18-Blog-Post-_Metalworking-Tools-Every-DIY-Enthusiast-Should-Have_-300x134.jpg 300w, https:\/\/crmetals.net\/wp-content\/uploads\/2025\/03\/18-Blog-Post-_Metalworking-Tools-Every-DIY-Enthusiast-Should-Have_-600x269.jpg 600w, https:\/\/crmetals.net\/wp-content\/uploads\/2025\/03\/18-Blog-Post-_Metalworking-Tools-Every-DIY-Enthusiast-Should-Have_.jpg 960w\" sizes=\"(max-width: 768px) 100vw, 768px\" \/><\/div>\n\t\t<\/a>\n\t\t\t\t<div class=\"elementor-post__text\">\n\t\t\t\t<h3 class=\"elementor-post__title\">\n\t\t\t<a href=\"https:\/\/crmetals.net\/es\/herramientas-para-trabajar-el-metal-que-todo-aficionado-al-bricolaje-debe-tener\/\" >\n\t\t\t\tHerramientas para trabajar el metal que todo aficionado al bricolaje debe tener\t\t\t<\/a>\n\t\t<\/h3>\n\t\t\t\t<div class=\"elementor-post__meta-data\">\n\t\t\t\t\t<span class=\"elementor-post-date\">\n\t\t\tmarzo 7, 2025\t\t<\/span>\n\t\t\t\t<\/div>\n\t\t\t\t<div class=\"elementor-post__excerpt\">\n\t\t\t<p>Herramientas de metalister\u00eda esenciales para todo aficionado al bricolaje. Aprende sobre seguridad, corte, conformado, uni\u00f3n y herramientas de acabado para abordar cualquier proyecto. \u00a1Ponte manos a la obra!  <\/p>\n\t\t<\/div>\n\t\t\t\t<\/div>\n\t\t\t\t<\/article>\n\t\t\t\t<article class=\"elementor-post elementor-grid-item post-45845 post type-post status-publish format-standard has-post-thumbnail hentry category-blog-es category-blog\" role=\"listitem\">\n\t\t\t\t<a class=\"elementor-post__thumbnail__link\" href=\"https:\/\/crmetals.net\/es\/guia-del-experto-en-calidades-de-aluminio\/\" tabindex=\"-1\" >\n\t\t\t<div class=\"elementor-post__thumbnail\"><img loading=\"lazy\" width=\"768\" height=\"344\" src=\"https:\/\/crmetals.net\/wp-content\/uploads\/2025\/02\/17-Blog-post-_Aluminum-Grades-and-Their-Applications_-768x344.jpg\" class=\"attachment-medium_large size-medium_large wp-image-45837\" alt=\"#17 Blog post _Aluminum Grades and Their Applications_\" srcset=\"https:\/\/crmetals.net\/wp-content\/uploads\/2025\/02\/17-Blog-post-_Aluminum-Grades-and-Their-Applications_-768x344.jpg 768w, https:\/\/crmetals.net\/wp-content\/uploads\/2025\/02\/17-Blog-post-_Aluminum-Grades-and-Their-Applications_-300x134.jpg 300w, https:\/\/crmetals.net\/wp-content\/uploads\/2025\/02\/17-Blog-post-_Aluminum-Grades-and-Their-Applications_-600x269.jpg 600w, https:\/\/crmetals.net\/wp-content\/uploads\/2025\/02\/17-Blog-post-_Aluminum-Grades-and-Their-Applications_.jpg 960w\" sizes=\"(max-width: 768px) 100vw, 768px\" \/><\/div>\n\t\t<\/a>\n\t\t\t\t<div class=\"elementor-post__text\">\n\t\t\t\t<h3 class=\"elementor-post__title\">\n\t\t\t<a href=\"https:\/\/crmetals.net\/es\/guia-del-experto-en-calidades-de-aluminio\/\" >\n\t\t\t\tGu\u00eda del experto en calidades de aluminio\t\t\t<\/a>\n\t\t<\/h3>\n\t\t\t\t<div class=\"elementor-post__meta-data\">\n\t\t\t\t\t<span class=\"elementor-post-date\">\n\t\t\tfebrero 27, 2025\t\t<\/span>\n\t\t\t\t<\/div>\n\t\t\t\t<div class=\"elementor-post__excerpt\">\n\t\t\t<p>Descubre los distintos grados de aluminio y sus propiedades clave. Comprende qu\u00e9 aleaci\u00f3n es la mejor para tu proyecto: construcci\u00f3n, naval, aeroespacial \u00a1y mucho m\u00e1s! <\/p>\n\t\t<\/div>\n\t\t\t\t<\/div>\n\t\t\t\t<\/article>\n\t\t\t\t<article class=\"elementor-post elementor-grid-item post-45613 post type-post status-publish format-standard has-post-thumbnail hentry category-blog\" role=\"listitem\">\n\t\t\t\t<a class=\"elementor-post__thumbnail__link\" href=\"https:\/\/crmetals.net\/es\/vencer-la-corrosion-la-guia-definitiva-para-proteger-tus-estructuras-metalicas-en-florida\/\" tabindex=\"-1\" >\n\t\t\t<div class=\"elementor-post__thumbnail\"><img loading=\"lazy\" width=\"768\" height=\"344\" src=\"https:\/\/crmetals.net\/wp-content\/uploads\/2025\/02\/16-Blog-post-_Metal-Maintenance-Tips_-How-to-Extend-the-Lifespan-of-Your-Metal-Structures-in-Floridas-Climate_-768x344.webp\" class=\"attachment-medium_large size-medium_large wp-image-45608\" alt=\"Conquer Corrosion: The Ultimate Guide to Protecting Your Metal Structures in Florida\" srcset=\"https:\/\/crmetals.net\/wp-content\/uploads\/2025\/02\/16-Blog-post-_Metal-Maintenance-Tips_-How-to-Extend-the-Lifespan-of-Your-Metal-Structures-in-Floridas-Climate_-768x344.webp 768w, https:\/\/crmetals.net\/wp-content\/uploads\/2025\/02\/16-Blog-post-_Metal-Maintenance-Tips_-How-to-Extend-the-Lifespan-of-Your-Metal-Structures-in-Floridas-Climate_-300x134.webp 300w, https:\/\/crmetals.net\/wp-content\/uploads\/2025\/02\/16-Blog-post-_Metal-Maintenance-Tips_-How-to-Extend-the-Lifespan-of-Your-Metal-Structures-in-Floridas-Climate_-600x269.webp 600w, https:\/\/crmetals.net\/wp-content\/uploads\/2025\/02\/16-Blog-post-_Metal-Maintenance-Tips_-How-to-Extend-the-Lifespan-of-Your-Metal-Structures-in-Floridas-Climate_.webp 960w\" sizes=\"(max-width: 768px) 100vw, 768px\" \/><\/div>\n\t\t<\/a>\n\t\t\t\t<div class=\"elementor-post__text\">\n\t\t\t\t<h3 class=\"elementor-post__title\">\n\t\t\t<a href=\"https:\/\/crmetals.net\/es\/vencer-la-corrosion-la-guia-definitiva-para-proteger-tus-estructuras-metalicas-en-florida\/\" >\n\t\t\t\tVencer la Corrosi\u00f3n: La gu\u00eda definitiva para proteger tus estructuras met\u00e1licas en Florida\t\t\t<\/a>\n\t\t<\/h3>\n\t\t\t\t<div class=\"elementor-post__meta-data\">\n\t\t\t\t\t<span class=\"elementor-post-date\">\n\t\t\tfebrero 20, 2025\t\t<\/span>\n\t\t\t\t<\/div>\n\t\t\t\t<div class=\"elementor-post__excerpt\">\n\t\t\t<p>\u00a1Acaba con la corrosi\u00f3n en Florida! Aprende a elegir los materiales adecuados, aplicar revestimientos eficaces y mantener tus estructuras met\u00e1licas para que duren mucho tiempo. <\/p>\n\t\t<\/div>\n\t\t\t\t<\/div>\n\t\t\t\t<\/article>\n\t\t\t\t<article class=\"elementor-post elementor-grid-item post-45522 post type-post status-publish format-standard has-post-thumbnail hentry category-blog\" role=\"listitem\">\n\t\t\t\t<a class=\"elementor-post__thumbnail__link\" href=\"https:\/\/crmetals.net\/es\/calidades-de-acero-una-guia-completa-para-la-construccion-y-la-fabricacion\/\" tabindex=\"-1\" >\n\t\t\t<div class=\"elementor-post__thumbnail\"><img loading=\"lazy\" width=\"768\" height=\"344\" src=\"https:\/\/crmetals.net\/wp-content\/uploads\/2025\/02\/15-Blog-post-_Steel-Grades_-A-Comprehensive-Guide-for-Construction-and-Fabrication_-768x344.jpg\" class=\"attachment-medium_large size-medium_large wp-image-45508\" alt=\"Steel Grades Decoded: A Comprehensive Guide for Construction and Fabrication\" srcset=\"https:\/\/crmetals.net\/wp-content\/uploads\/2025\/02\/15-Blog-post-_Steel-Grades_-A-Comprehensive-Guide-for-Construction-and-Fabrication_-768x344.jpg 768w, https:\/\/crmetals.net\/wp-content\/uploads\/2025\/02\/15-Blog-post-_Steel-Grades_-A-Comprehensive-Guide-for-Construction-and-Fabrication_-300x134.jpg 300w, https:\/\/crmetals.net\/wp-content\/uploads\/2025\/02\/15-Blog-post-_Steel-Grades_-A-Comprehensive-Guide-for-Construction-and-Fabrication_-600x269.jpg 600w, https:\/\/crmetals.net\/wp-content\/uploads\/2025\/02\/15-Blog-post-_Steel-Grades_-A-Comprehensive-Guide-for-Construction-and-Fabrication_.jpg 960w\" sizes=\"(max-width: 768px) 100vw, 768px\" \/><\/div>\n\t\t<\/a>\n\t\t\t\t<div class=\"elementor-post__text\">\n\t\t\t\t<h3 class=\"elementor-post__title\">\n\t\t\t<a href=\"https:\/\/crmetals.net\/es\/calidades-de-acero-una-guia-completa-para-la-construccion-y-la-fabricacion\/\" >\n\t\t\t\tCalidades de acero: Una gu\u00eda completa para la construcci\u00f3n y la fabricaci\u00f3n\t\t\t<\/a>\n\t\t<\/h3>\n\t\t\t\t<div class=\"elementor-post__meta-data\">\n\t\t\t\t\t<span class=\"elementor-post-date\">\n\t\t\tfebrero 13, 2025\t\t<\/span>\n\t\t\t\t<\/div>\n\t\t\t\t<div class=\"elementor-post__excerpt\">\n\t\t\t<p>Explicaci\u00f3n de los grados de acero AISI\/SAE y ASTM. Encuentra A36, 1018, 4140 y m\u00e1s en Miami. Asesoramiento experto de C&amp;R Metals para tu proyecto.  <\/p>\n\t\t<\/div>\n\t\t\t\t<\/div>\n\t\t\t\t<\/article>\n\t\t\t\t<\/div>\n\t\t\t\t\t<span class=\"e-load-more-spinner\">\n\t\t\t\t<svg aria-hidden=\"true\" class=\"e-font-icon-svg e-fas-spinner\" viewBox=\"0 0 512 512\" xmlns=\"http:\/\/www.w3.org\/2000\/svg\"><path d=\"M304 48c0 26.51-21.49 48-48 48s-48-21.49-48-48 21.49-48 48-48 48 21.49 48 48zm-48 368c-26.51 0-48 21.49-48 48s21.49 48 48 48 48-21.49 48-48-21.49-48-48-48zm208-208c-26.51 0-48 21.49-48 48s21.49 48 48 48 48-21.49 48-48-21.49-48-48-48zM96 256c0-26.51-21.49-48-48-48S0 229.49 0 256s21.49 48 48 48 48-21.49 48-48zm12.922 99.078c-26.51 0-48 21.49-48 48s21.49 48 48 48 48-21.49 48-48c0-26.509-21.491-48-48-48zm294.156 0c-26.51 0-48 21.49-48 48s21.49 48 48 48 48-21.49 48-48c0-26.509-21.49-48-48-48zM108.922 60.922c-26.51 0-48 21.49-48 48s21.49 48 48 48 48-21.49 48-48-21.491-48-48-48z\"><\/path><\/svg>\t\t\t<\/span>\n\t\t\n\t\t\t\t<div class=\"e-load-more-anchor\" data-page=\"1\" data-max-page=\"4\" data-next-page=\"https:\/\/crmetals.net\/es\/wp-json\/wp\/v2\/pages\/33931\/page\/2\/\"><\/div>\n\t\t\t\t<div class=\"elementor-button-wrapper\">\n\t\t\t<a class=\"elementor-button elementor-size-sm\" role=\"button\">\n\t\t\t\t\t\t<span class=\"elementor-button-content-wrapper\">\n\t\t\t\t\t\t\t\t\t<span class=\"elementor-button-text\">M\u00e1s informaci\u00f3n<\/span>\n\t\t\t\t\t<\/span>\n\t\t\t\t\t<\/a>\n\t\t<\/div>\n\t\t\t\t<div class=\"e-load-more-message\"><\/div>\n\t\t\t\t\t\t<\/div>\n\t\t\t\t<\/div>\n\t\t\t\t\t<\/div>\n\t\t\t\t<\/div>\n\t\t\t\t<\/div>\n\t\t","protected":false},"excerpt":{"rendered":"<p>Blog 2991 NW North River Dr., Miami, FL, 33142 L-V 7:30AM &#8211; 4:30PM \/ S\u00e1b 8:00AM &#8211; 1:00PM \/ Dom &#8211; Cerrado Blog de C &amp; R Metales Bienvenido al blog de C &amp; R Metals, donde compartimos opiniones de expertos y las \u00faltimas tendencias de la industria del metal. Sum\u00e9rgete en nuestros art\u00edculos para [&hellip;]<\/p>\n","protected":false},"author":1,"featured_media":0,"parent":0,"menu_order":0,"comment_status":"closed","ping_status":"closed","template":"","meta":{"_monsterinsights_skip_tracking":false,"_monsterinsights_sitenote_active":false,"_monsterinsights_sitenote_note":"","_monsterinsights_sitenote_category":0,"footnotes":""},"class_list":["post-33931","page","type-page","status-publish","hentry"],"aioseo_notices":[],"_links":{"self":[{"href":"https:\/\/crmetals.net\/es\/wp-json\/wp\/v2\/pages\/33931","targetHints":{"allow":["GET"]}}],"collection":[{"href":"https:\/\/crmetals.net\/es\/wp-json\/wp\/v2\/pages"}],"about":[{"href":"https:\/\/crmetals.net\/es\/wp-json\/wp\/v2\/types\/page"}],"author":[{"embeddable":true,"href":"https:\/\/crmetals.net\/es\/wp-json\/wp\/v2\/users\/1"}],"replies":[{"embeddable":true,"href":"https:\/\/crmetals.net\/es\/wp-json\/wp\/v2\/comments?post=33931"}],"version-history":[{"count":5,"href":"https:\/\/crmetals.net\/es\/wp-json\/wp\/v2\/pages\/33931\/revisions"}],"predecessor-version":[{"id":48037,"href":"https:\/\/crmetals.net\/es\/wp-json\/wp\/v2\/pages\/33931\/revisions\/48037"}],"wp:attachment":[{"href":"https:\/\/crmetals.net\/es\/wp-json\/wp\/v2\/media?parent=33931"}],"curies":[{"name":"wp","href":"https:\/\/api.w.org\/{rel}","templated":true}]}}